{"id":237,"date":"2023-08-11T10:35:06","date_gmt":"2023-08-11T10:35:06","guid":{"rendered":"http:\/\/www.calvis.pl\/blog\/?page_id=237"},"modified":"2023-08-11T10:41:32","modified_gmt":"2023-08-11T10:41:32","slug":"zadanie-zwrotu-nienaleznie-pobranych-swiadczen","status":"publish","type":"page","link":"https:\/\/www.calvis.pl\/blog\/baza-wiedzy\/zadanie-zwrotu-nienaleznie-pobranych-swiadczen\/","title":{"rendered":"\u017b\u0105danie zwrotu nienale\u017cnie pobranych \u015bwiadcze\u0144"},"content":{"rendered":"<p>[et_pb_section fb_built=&#8221;1&#8243; fullwidth=&#8221;on&#8221; admin_label=&#8221;Hero Section&#8221; _builder_version=&#8221;4.21.0&#8243; background_enable_image=&#8221;off&#8221; global_colors_info=&#8221;{}&#8221; theme_builder_area=&#8221;post_content&#8221;][et_pb_fullwidth_header subhead=&#8221;\u017b\u0105danie zwrotu nienale\u017cnie pobranych \u015bwiadcze\u0144&#8221; text_orientation=&#8221;center&#8221; background_overlay_color=&#8221;rgba(0,0,0,0.8)&#8221; _builder_version=&#8221;4.21.0&#8243; title_font=&#8221;Poppins|700||on|||||&#8221; title_text_color=&#8221;#edbb5f&#8221; title_font_size=&#8221;14px&#8221; title_letter_spacing=&#8221;2px&#8221; title_line_height=&#8221;1.4em&#8221; content_font=&#8221;Poppins||||||||&#8221; content_font_size=&#8221;16px&#8221; content_letter_spacing=&#8221;1px&#8221; content_line_height=&#8221;2em&#8221; subhead_font=&#8221;Playfair Display|700|||||||&#8221; subhead_font_size=&#8221;48px&#8221; subhead_letter_spacing=&#8221;3px&#8221; subhead_line_height=&#8221;1.4em&#8221; background_enable_color=&#8221;off&#8221; background_image=&#8221;http:\/\/www.calvis.pl\/blog\/wp-content\/uploads\/2023\/08\/6.jpg&#8221; parallax=&#8221;on&#8221; parallax_method=&#8221;on&#8221; custom_button_one=&#8221;on&#8221; button_one_border_width=&#8221;1px&#8221; button_one_border_color=&#8221;rgba(255,255,255,0.3)&#8221; button_one_border_radius=&#8221;0px&#8221; button_one_letter_spacing=&#8221;1px&#8221; button_one_font=&#8221;Saira Extra Condensed|600||on|||||&#8221; button_one_icon=&#8221;&#x24;||divi||400&#8243; button_one_icon_color=&#8221;#edbb5f&#8221; custom_button_two=&#8221;on&#8221; button_two_border_width=&#8221;1px&#8221; button_two_border_color=&#8221;rgba(255,255,255,0.3)&#8221; button_two_border_radius=&#8221;0px&#8221; button_two_letter_spacing=&#8221;1px&#8221; button_two_font=&#8221;Saira Extra Condensed|600||on|||||&#8221; button_two_icon=&#8221;&#x24;||divi||400&#8243; button_two_icon_color=&#8221;#edbb5f&#8221; module_alignment=&#8221;left&#8221; custom_margin=&#8221;|||&#8221; custom_padding=&#8221;4%||100px||false|false&#8221; custom_padding_tablet=&#8221;8%||130px||false|false&#8221; custom_padding_phone=&#8221;||80px||false|false&#8221; custom_padding_last_edited=&#8221;on|phone&#8221; hover_enabled=&#8221;0&#8243; button_one_text_color_hover=&#8221;#edbb5f&#8221; button_two_text_color_hover=&#8221;#edbb5f&#8221; button_one_bg_color_hover=&#8221;rgba(0,0,0,0)&#8221; button_two_bg_color_hover=&#8221;rgba(0,0,0,0)&#8221; global_colors_info=&#8221;{}&#8221; button_one_text_size__hover_enabled=&#8221;off&#8221; button_two_text_size__hover_enabled=&#8221;off&#8221; button_one_text_color__hover_enabled=&#8221;on&#8221; button_one_text_color__hover=&#8221;#edbb5f&#8221; button_two_text_color__hover_enabled=&#8221;on&#8221; button_two_text_color__hover=&#8221;#edbb5f&#8221; button_one_border_width__hover_enabled=&#8221;off&#8221; button_two_border_width__hover_enabled=&#8221;off&#8221; button_one_border_color__hover_enabled=&#8221;off&#8221; button_two_border_color__hover_enabled=&#8221;off&#8221; button_one_border_radius__hover_enabled=&#8221;off&#8221; button_two_border_radius__hover_enabled=&#8221;off&#8221; button_one_letter_spacing__hover_enabled=&#8221;off&#8221; button_two_letter_spacing__hover_enabled=&#8221;off&#8221; button_one_bg_color__hover_enabled=&#8221;on&#8221; button_one_bg_color__hover=&#8221;rgba(0,0,0,0)&#8221; button_two_bg_color__hover_enabled=&#8221;on&#8221; button_two_bg_color__hover=&#8221;rgba(0,0,0,0)&#8221; theme_builder_area=&#8221;post_content&#8221; sticky_enabled=&#8221;0&#8243;][\/et_pb_fullwidth_header][\/et_pb_section][et_pb_section fb_built=&#8221;1&#8243; admin_label=&#8221;Statistics&#8221; module_id=&#8221;anchor-1&#8243; _builder_version=&#8221;4.20.4&#8243; custom_padding=&#8221;||100px|||&#8221; global_colors_info=&#8221;{}&#8221; theme_builder_area=&#8221;post_content&#8221;][et_pb_row _builder_version=&#8221;4.20.4&#8243; _module_preset=&#8221;default&#8221; global_colors_info=&#8221;{}&#8221; theme_builder_area=&#8221;post_content&#8221;][et_pb_column type=&#8221;4_4&#8243; _builder_version=&#8221;4.20.4&#8243; _module_preset=&#8221;default&#8221; global_colors_info=&#8221;{}&#8221; theme_builder_area=&#8221;post_content&#8221;][et_pb_text _builder_version=&#8221;4.21.0&#8243; text_font=&#8221;||||||||&#8221; header_font=&#8221;||||||||&#8221; header_2_font=&#8221;Playfair Display|700|||||||&#8221; header_2_font_size=&#8221;38px&#8221; header_2_letter_spacing=&#8221;1px&#8221; header_2_line_height=&#8221;1.4em&#8221; header_3_font=&#8221;Poppins|700||on|||||&#8221; header_3_text_color=&#8221;#edbb5f&#8221; header_3_font_size=&#8221;14px&#8221; header_3_letter_spacing=&#8221;1px&#8221; header_3_line_height=&#8221;2em&#8221; max_width=&#8221;1000px&#8221; module_alignment=&#8221;center&#8221; custom_padding=&#8221;0px||||false|false&#8221; locked=&#8221;off&#8221; global_colors_info=&#8221;{}&#8221; theme_builder_area=&#8221;post_content&#8221;]<\/p>\n<h3 style=\"text-align: center;\"><\/h3>\n<h2 style=\"text-align: center;\">Skutki upadku umowy<\/h2>\n<p>[\/et_pb_text][et_pb_divider divider_weight=&#8221;3px&#8221; _builder_version=&#8221;4.21.0&#8243; _module_preset=&#8221;default&#8221; width=&#8221;50%&#8221; module_alignment=&#8221;center&#8221; global_colors_info=&#8221;{}&#8221; theme_builder_area=&#8221;post_content&#8221;][\/et_pb_divider][et_pb_text _builder_version=&#8221;4.20.4&#8243; _module_preset=&#8221;default&#8221; text_font=&#8221;Poppins||||||||&#8221; text_font_size=&#8221;16px&#8221; text_letter_spacing=&#8221;1px&#8221; text_line_height=&#8221;2em&#8221; max_width=&#8221;1100px&#8221; global_colors_info=&#8221;{}&#8221; theme_builder_area=&#8221;post_content&#8221;]<\/p>\n<p>W zwi\u0105zku z uznaniem, \u017ce klauzule indeksacyjne okre\u015blaj\u0105 g\u0142\u00f3wne \u015bwiadczenia stron, ich usuni\u0119cie powodowa\u0142oby brak okre\u015blenia w umowach kredyt\u00f3w frankowych ich element\u00f3w koniecznych, bowiem bez nich nie by\u0142oby mo\u017cliwe obliczenie sumy, jak\u0105 kredytobiorca zobowi\u0105zany jest zwr\u00f3ci\u0107 z tytu\u0142u kredytu.<\/p>\n<p>Konwersja umowy, a zw\u0142aszcza wprowadzenie w miejsce kursu kupna i sprzeda\u017cy CHF innego miernika warto\u015bci (np. kursu \u015bredniego NBP) by\u0142aby natomiast zbyt daleko id\u0105c\u0105 ingerencj\u0105 w tre\u015b\u0107 umowy i wprowadzi\u0142aby do niej zupe\u0142nie nowy element, co niezale\u017cnie od pozosta\u0142ych przes\u0142anek ustalenia niewa\u017cno\u015bci umowy kredytu frankowego, powoduje konieczno\u015b\u0107 przyj\u0119cia jej upadku w ca\u0142o\u015bci (por. S\u0105d Apelacyjny w Katowicach w wyroku z dnia 26 pa\u017adziernika 2020 roku, sygn. akt I ACa 530\/20, Legalis, wyrok S\u0105du Apelacyjnego w Warszawie z dnia 13 listopada 2019 roku, sygn. akt I ACa 268\/19, Legalis).<\/p>\n<p>Skutkiem upadku umowy jest natomiast powstanie konieczno\u015bci dokonania rozlicze\u0144 pomi\u0119dzy kredytobiorcami a bankiem \u2013 umowa traktowana jest bowiem jakby nigdy nie istnia\u0142a, za\u015b to, co strony wzajemnie \u015bwiadczy\u0142y na swoj\u0105 rzecz w zwi\u0105zku z jej wykonywaniem, staje si\u0119 \u015bwiadczeniem nienale\u017cnym. S\u0105d Najwy\u017cszy przes\u0105dzi\u0142 przy tym, i\u017c przedmiotowe roszczenia maj\u0105 charakter odr\u0119bny, co oznacza, \u017ce nie ulegaj\u0105 one automatycznie wzajemnej kompensacji i kredytobiorcy mog\u0105 \u017c\u0105da\u0107 zwrotu ca\u0142o\u015bci sp\u0142aconych rat kredytu niezale\u017cnie od tego, czy i w jakim zakresie s\u0105 d\u0142u\u017cnikami banku z tytu\u0142u zwrotu nienale\u017cnie otrzymanej kwoty kredytu (<em>vide<\/em> wyrok S\u0105du Najwy\u017cszego z dnia 7 maja 2021 roku, sygn. akt III CZP 6\/21, OSNC 2021\/9\/56).<\/p>\n<p>[\/et_pb_text][\/et_pb_column][\/et_pb_row][et_pb_row _builder_version=&#8221;4.20.4&#8243; _module_preset=&#8221;default&#8221; global_colors_info=&#8221;{}&#8221; theme_builder_area=&#8221;post_content&#8221;][et_pb_column type=&#8221;4_4&#8243; _builder_version=&#8221;4.20.4&#8243; _module_preset=&#8221;default&#8221; global_colors_info=&#8221;{}&#8221; theme_builder_area=&#8221;post_content&#8221;][et_pb_text _builder_version=&#8221;4.21.0&#8243; text_font=&#8221;||||||||&#8221; header_font=&#8221;||||||||&#8221; header_2_font=&#8221;Playfair Display|700|||||||&#8221; header_2_font_size=&#8221;38px&#8221; header_2_letter_spacing=&#8221;1px&#8221; header_2_line_height=&#8221;1.4em&#8221; header_3_font=&#8221;Poppins|700||on|||||&#8221; header_3_text_color=&#8221;#edbb5f&#8221; header_3_font_size=&#8221;14px&#8221; header_3_letter_spacing=&#8221;1px&#8221; header_3_line_height=&#8221;2em&#8221; max_width=&#8221;1000px&#8221; module_alignment=&#8221;center&#8221; custom_padding=&#8221;0px||||false|false&#8221; locked=&#8221;off&#8221; global_colors_info=&#8221;{}&#8221; theme_builder_area=&#8221;post_content&#8221;]<\/p>\n<h3 style=\"text-align: center;\"><\/h3>\n<h2 style=\"text-align: center;\">Podstawa \u017c\u0105dania zwrotu nienale\u017cnie pobranych \u015bwiadcze\u0144<\/h2>\n<p>[\/et_pb_text][et_pb_divider divider_weight=&#8221;3px&#8221; _builder_version=&#8221;4.21.0&#8243; _module_preset=&#8221;default&#8221; width=&#8221;50%&#8221; module_alignment=&#8221;center&#8221; global_colors_info=&#8221;{}&#8221; theme_builder_area=&#8221;post_content&#8221;][\/et_pb_divider][et_pb_text _builder_version=&#8221;4.20.4&#8243; _module_preset=&#8221;default&#8221; text_font=&#8221;Poppins||||||||&#8221; text_font_size=&#8221;16px&#8221; text_letter_spacing=&#8221;1px&#8221; text_line_height=&#8221;2em&#8221; max_width=&#8221;1100px&#8221; global_colors_info=&#8221;{}&#8221; theme_builder_area=&#8221;post_content&#8221;]<\/p>\n<p>Podstaw\u0119 zwrotu nienale\u017cnie pobranych \u015bwiadcze\u0144 stanowi art. 410 k.c., zgodnie z kt\u00f3rym \u015bwiadczenie jest nienale\u017cne, je\u017celi ten, kto je spe\u0142ni\u0142, nie by\u0142 w og\u00f3le zobowi\u0105zany lub nie by\u0142 zobowi\u0105zany wzgl\u0119dem osoby, kt\u00f3rej \u015bwiadczy\u0142, albo je\u017celi podstawa \u015bwiadczenia odpad\u0142a lub zamierzony cel \u015bwiadczenia nie zosta\u0142 osi\u0105gni\u0119ty, albo je\u017celi czynno\u015b\u0107 prawna zobowi\u0105zuj\u0105ca do \u015bwiadczenia by\u0142a niewa\u017cna i nie sta\u0142a si\u0119 wa\u017cna po spe\u0142nieniu \u015bwiadczenia.<\/p>\n<p>Tym samym w jego ramach frankowicze mog\u0105 \u017c\u0105da\u0107 zwrotu wszystkich kwot, kt\u00f3re ui\u015bcili na rzecz banku w wykonaniu takiej niewa\u017cnej umowy, a zatem zw\u0142aszcza ca\u0142o\u015bci sp\u0142aconych rat odsetkowych i kapita\u0142owo \u2013 odsetkowych, pobranej prowizji, sk\u0142adek ubezpieczeniowych i innych koszt\u00f3w poniesionych w zwi\u0105zku z zawarciem spornej umowy. Jak przy tym pokazuje praktyka i analiza orzecznictwa, banki obstaj\u0105c za stanowiskiem co do wa\u017cno\u015bci umowy kredytu, konsekwentnie kwestionuj\u0105 r\u00f3wnie\u017c podstaw\u0119 tego roszczenia i nierzadko tak\u017ce jego wysoko\u015b\u0107.<\/p>\n<p>Niemniej jednak w zwi\u0105zku z faktem, i\u017c w znakomitej wi\u0119kszo\u015bci spraw podstaw\u0119 ustalenia wysoko\u015bci podlegaj\u0105cych zwrotowi \u015bwiadcze\u0144 stanowi\u0105 za\u015bwiadczenia pochodz\u0105ce wprost od bank\u00f3w, kt\u00f3rych warto\u015bci dowodowej co do zasady one nie kwestionuj\u0105, zb\u0119dnym wydaje si\u0119 formu\u0142owanie kolejnych wniosk\u00f3w dowodowych w tym zakresie, np. o wywo\u0142anie opinii bieg\u0142ego s\u0105dowego z zakresu rachunkowo\u015bci, bankowo\u015bci i finans\u00f3w (por. chocia\u017cby wyrok S\u0105du Apelacyjnego w Lublinie z dnia 19 listopada 2021 roku, sygn. akt I ACa 759\/21, LEX nr 3269033, czy wyrok S\u0105du Apelacyjnego w Katowicach z dnia 28 stycznia 2022 roku, sygn. akt I ACa 23\/21, niepubl.).<\/p>\n<p>[\/et_pb_text][\/et_pb_column][\/et_pb_row][et_pb_row _builder_version=&#8221;4.20.4&#8243; _module_preset=&#8221;default&#8221; global_colors_info=&#8221;{}&#8221; theme_builder_area=&#8221;post_content&#8221;][et_pb_column type=&#8221;4_4&#8243; _builder_version=&#8221;4.20.4&#8243; _module_preset=&#8221;default&#8221; global_colors_info=&#8221;{}&#8221; theme_builder_area=&#8221;post_content&#8221;][et_pb_text _builder_version=&#8221;4.20.4&#8243; text_font=&#8221;||||||||&#8221; header_font=&#8221;||||||||&#8221; header_2_font=&#8221;Playfair Display|700|||||||&#8221; header_2_font_size=&#8221;38px&#8221; header_2_letter_spacing=&#8221;1px&#8221; header_2_line_height=&#8221;1.4em&#8221; header_3_font=&#8221;Poppins|700||on|||||&#8221; header_3_text_color=&#8221;#edbb5f&#8221; header_3_font_size=&#8221;14px&#8221; header_3_letter_spacing=&#8221;1px&#8221; header_3_line_height=&#8221;2em&#8221; max_width=&#8221;1000px&#8221; module_alignment=&#8221;center&#8221; custom_padding=&#8221;0px||||false|false&#8221; locked=&#8221;off&#8221; global_colors_info=&#8221;{}&#8221; theme_builder_area=&#8221;post_content&#8221;]<\/p>\n<h3 style=\"text-align: center;\"><\/h3>\n<h2 style=\"text-align: center;\">Odsetki od nienale\u017cnie pobranych \u015bwiadcze\u0144<\/h2>\n<p>[\/et_pb_text][et_pb_divider divider_weight=&#8221;3px&#8221; _builder_version=&#8221;4.21.0&#8243; _module_preset=&#8221;default&#8221; width=&#8221;50%&#8221; module_alignment=&#8221;center&#8221; global_colors_info=&#8221;{}&#8221; theme_builder_area=&#8221;post_content&#8221;][\/et_pb_divider][et_pb_text _builder_version=&#8221;4.20.4&#8243; _module_preset=&#8221;default&#8221; text_font=&#8221;Poppins||||||||&#8221; text_font_size=&#8221;16px&#8221; text_letter_spacing=&#8221;1px&#8221; text_line_height=&#8221;2em&#8221; max_width=&#8221;1100px&#8221; global_colors_info=&#8221;{}&#8221; theme_builder_area=&#8221;post_content&#8221;]<\/p>\n<p>\u017b\u0105danie ustawowych odsetek za op\u00f3\u017anienie od kwoty nienale\u017cnie pobranych \u015bwiadcze\u0144 znajduje z kolei oparcie w tre\u015bci art. 481 \u00a7 1 k.c., kt\u00f3ry stanowi, \u017ce je\u017celi d\u0142u\u017cnik op\u00f3\u017ania si\u0119 ze spe\u0142nieniem \u015bwiadczenia pieni\u0119\u017cnego, wierzyciel mo\u017ce \u017c\u0105da\u0107 odsetek za czas op\u00f3\u017anienia, chocia\u017cby nie poni\u00f3s\u0142 \u017cadnej szkody i chocia\u017cby op\u00f3\u017anienie by\u0142o nast\u0119pstwem okoliczno\u015bci, za kt\u00f3re d\u0142u\u017cnik odpowiedzialno\u015bci nie ponosi.<\/p>\n<p>Roszczenie o zwrot nienale\u017cnie pobranych \u015bwiadcze\u0144 z tytu\u0142u niewa\u017cnej umowy kredytu frankowego jest przy tym \u015bwiadczeniem bezterminowym w rozumieniu art. 455 k.c., a zatem takim, kt\u00f3rego termin spe\u0142nienia \u015bwiadczenia nie jest oznaczony ani nie wynika z w\u0142a\u015bciwo\u015bci zobowi\u0105zania, w zwi\u0105zku z czym powinno ono by\u0107 spe\u0142nione niezw\u0142ocznie po wezwaniu d\u0142u\u017cnika, czyli banku, do jego wykonania. W tym przypadku, bank popadnie w zw\u0142ok\u0119 od dnia nast\u0119pnego po dniu dor\u0119czenia mu wezwania do zap\u0142aty, lub te\u017c \u2013 w przypadku zakre\u015blenia terminu do jego spe\u0142nienia \u2013 od dnia nast\u0119pnego po jego up\u0142ywie.<\/p>\n<p>Je\u017celi jednak kredytobiorcy z jaki\u015b wzgl\u0119d\u00f3w nie wezw\u0105 banku do spe\u0142nienia \u015bwiadczenia nienale\u017cnego przed wytoczeniem pow\u00f3dztwa, lub te\u017c wezw\u0105 go do spe\u0142nienia jedynie jego cz\u0119\u015bci, za\u015b w pozosta\u0142ym zakresie sformu\u0142uj\u0105 przedmiotowe \u017c\u0105danie dopiero w pozwie, odsetki ustawowe za op\u00f3\u017anienie (od ca\u0142o\u015bci lub te\u017c cz\u0119\u015bci roszczenia) nale\u017c\u0105 si\u0119 im dopiero od dnia nast\u0119pnego po dniu dor\u0119czenia odpisu pozwu pozwanemu bankowi (por. chocia\u017cby wyrok S\u0105du Apelacyjnego w Szczecinie z dnia 24 lutego 2022 roku, sygn. akt I ACa 1000\/21, niepubl.).<\/p>\n<p>[\/et_pb_text][\/et_pb_column][\/et_pb_row][\/et_pb_section][et_pb_section fb_built=&#8221;1&#8243; _builder_version=&#8221;4.21.0&#8243; _module_preset=&#8221;default&#8221; background_color=&#8221;#171717&#8243; global_colors_info=&#8221;{}&#8221; theme_builder_area=&#8221;post_content&#8221;][et_pb_row column_structure=&#8221;1_4,1_4,1_4,1_4&#8243; use_custom_gutter=&#8221;on&#8221; gutter_width=&#8221;1&#8243; _builder_version=&#8221;4.21.0&#8243; _module_preset=&#8221;default&#8221; width=&#8221;90%&#8221; max_width=&#8221;2560px&#8221; global_colors_info=&#8221;{}&#8221; theme_builder_area=&#8221;post_content&#8221;][et_pb_column type=&#8221;1_4&#8243; _builder_version=&#8221;4.21.0&#8243; _module_preset=&#8221;default&#8221; global_colors_info=&#8221;{}&#8221; theme_builder_area=&#8221;post_content&#8221;][et_pb_text _builder_version=&#8221;4.21.0&#8243; text_font=&#8221;Poppins|300|||||||&#8221; text_text_color=&#8221;#FFFFFF&#8221; text_letter_spacing=&#8221;1px&#8221; text_line_height=&#8221;2em&#8221; max_width=&#8221;550px&#8221; locked=&#8221;off&#8221; global_colors_info=&#8221;{}&#8221; theme_builder_area=&#8221;post_content&#8221;]<\/p>\n<div><span style=\"color: #ffffff;\"><a href=\"http:\/\/www.calvis.pl\/blog\/#start\" style=\"color: #ffffff;\">Do g\u00f3ry<\/a><\/span><\/div>\n<div><\/div>\n<div><\/div>\n<div><\/div>\n<div><span style=\"color: #ffffff;\"><a href=\"http:\/\/www.calvis.pl\/blog\/#anchor-2\" style=\"color: #ffffff;\">Jak dzia\u0142amy<\/a><\/span><\/div>\n<div><span style=\"color: #ffffff;\"><a href=\"http:\/\/www.calvis.pl\/blog\/baza-wiedzy\/\" style=\"color: #ffffff;\">Baza wiedzy<\/a><\/span><\/div>\n<div><\/div>\n<div><\/div>\n<div><span style=\"color: #ffffff;\"><a href=\"http:\/\/www.calvis.pl\/blog\/nasz-zespol\/\" style=\"color: #ffffff;\">Nasz zesp\u00f3\u0142<\/a><\/span><\/div>\n<div><span style=\"color: #ffffff;\"><a href=\"http:\/\/www.calvis.pl\/blog\/#anchor-3\" style=\"color: #ffffff;\">Kontakt<\/a><\/span><\/div>\n<div><\/div>\n<div><\/div>\n<div><\/div>\n<p>[\/et_pb_text][\/et_pb_column][et_pb_column type=&#8221;1_4&#8243; _builder_version=&#8221;4.21.0&#8243; _module_preset=&#8221;default&#8221; global_colors_info=&#8221;{}&#8221; theme_builder_area=&#8221;post_content&#8221;][et_pb_text _builder_version=&#8221;4.21.0&#8243; text_font=&#8221;Poppins|300|||||||&#8221; text_text_color=&#8221;#FFFFFF&#8221; text_letter_spacing=&#8221;1px&#8221; text_line_height=&#8221;2em&#8221; max_width=&#8221;550px&#8221; locked=&#8221;off&#8221; global_colors_info=&#8221;{}&#8221; theme_builder_area=&#8221;post_content&#8221;]<\/p>\n<div><span style=\"font-size: 14px;\">Franki Kancelaria Sp\u00f3\u0142ka z o.o.\u00a0<\/span><\/div>\n<div>ul. Izaaka 7, 31-057 Krak\u00f3w<\/div>\n<div><\/div>\n<div><\/div>\n<div><span>789 273 664\u00a0<\/span><\/div>\n<div><span style=\"color: #ffffff;\"><a href=\"mailto:kontakt@frankikancelaria.pl\" target=\"_blank\" rel=\"noopener\" style=\"color: #ffffff;\">kontakt@frankikancelaria.pl<\/a>\u00a0<\/span><\/div>\n<p>[\/et_pb_text][\/et_pb_column][et_pb_column type=&#8221;1_4&#8243; _builder_version=&#8221;4.21.0&#8243; _module_preset=&#8221;default&#8221; global_colors_info=&#8221;{}&#8221; theme_builder_area=&#8221;post_content&#8221;][et_pb_text _builder_version=&#8221;4.21.0&#8243; text_font=&#8221;Poppins|300|||||||&#8221; text_text_color=&#8221;#FFFFFF&#8221; text_letter_spacing=&#8221;1px&#8221; text_line_height=&#8221;2em&#8221; max_width=&#8221;550px&#8221; locked=&#8221;off&#8221; global_colors_info=&#8221;{}&#8221; theme_builder_area=&#8221;post_content&#8221;]<\/p>\n<div>NIP: 6762636076<\/div>\n<div><\/div>\n<div><\/div>\n<div>REGON: 524434862<\/div>\n<div>KRS: 0001018311<\/div>\n<p>[\/et_pb_text][\/et_pb_column][et_pb_column type=&#8221;1_4&#8243; _builder_version=&#8221;4.21.0&#8243; _module_preset=&#8221;default&#8221; global_colors_info=&#8221;{}&#8221; theme_builder_area=&#8221;post_content&#8221;][et_pb_image src=&#8221;http:\/\/www.calvis.pl\/blog\/wp-content\/uploads\/2023\/06\/Franki-Kancelaria-logo-kolor.png&#8221; _builder_version=&#8221;4.21.0&#8243; _module_preset=&#8221;default&#8221; global_colors_info=&#8221;{}&#8221; theme_builder_area=&#8221;post_content&#8221;][\/et_pb_image][\/et_pb_column][\/et_pb_row][\/et_pb_section]<\/p>\n","protected":false},"excerpt":{"rendered":"<p>Skutki upadku umowyW zwi\u0105zku z uznaniem, \u017ce klauzule indeksacyjne okre\u015blaj\u0105 g\u0142\u00f3wne \u015bwiadczenia stron, ich usuni\u0119cie powodowa\u0142oby brak okre\u015blenia w umowach kredyt\u00f3w frankowych ich element\u00f3w koniecznych, bowiem bez nich nie by\u0142oby mo\u017cliwe obliczenie sumy, jak\u0105 kredytobiorca zobowi\u0105zany jest zwr\u00f3ci\u0107 z tytu\u0142u kredytu. Konwersja umowy, a zw\u0142aszcza wprowadzenie w miejsce kursu kupna i sprzeda\u017cy CHF innego miernika [&hellip;]<\/p>\n","protected":false},"author":1,"featured_media":0,"parent":70,"menu_order":0,"comment_status":"closed","ping_status":"closed","template":"","meta":{"_et_pb_use_builder":"on","_et_pb_old_content":"","_et_gb_content_width":"","footnotes":""},"class_list":["post-237","page","type-page","status-publish","hentry"],"_links":{"self":[{"href":"https:\/\/www.calvis.pl\/blog\/wp-json\/wp\/v2\/pages\/237"}],"collection":[{"href":"https:\/\/www.calvis.pl\/blog\/wp-json\/wp\/v2\/pages"}],"about":[{"href":"https:\/\/www.calvis.pl\/blog\/wp-json\/wp\/v2\/types\/page"}],"author":[{"embeddable":true,"href":"https:\/\/www.calvis.pl\/blog\/wp-json\/wp\/v2\/users\/1"}],"replies":[{"embeddable":true,"href":"https:\/\/www.calvis.pl\/blog\/wp-json\/wp\/v2\/comments?post=237"}],"version-history":[{"count":0,"href":"https:\/\/www.calvis.pl\/blog\/wp-json\/wp\/v2\/pages\/237\/revisions"}],"up":[{"embeddable":true,"href":"https:\/\/www.calvis.pl\/blog\/wp-json\/wp\/v2\/pages\/70"}],"wp:attachment":[{"href":"https:\/\/www.calvis.pl\/blog\/wp-json\/wp\/v2\/media?parent=237"}],"curies":[{"name":"wp","href":"https:\/\/api.w.org\/{rel}","templated":true}]}}