{"id":306,"date":"2024-08-28T09:35:50","date_gmt":"2024-08-28T09:35:50","guid":{"rendered":"http:\/\/www.calvis.pl\/blog\/?page_id=306"},"modified":"2025-03-14T12:44:41","modified_gmt":"2025-03-14T12:44:41","slug":"wyroki","status":"publish","type":"page","link":"https:\/\/www.calvis.pl\/blog\/wyroki\/","title":{"rendered":"Wyroki"},"content":{"rendered":"<p>[et_pb_section fb_built=&#8221;1&#8243; fullwidth=&#8221;on&#8221; admin_label=&#8221;Hero Section&#8221; _builder_version=&#8221;4.21.0&#8243; background_color=&#8221;#FFFFFF&#8221; global_colors_info=&#8221;{}&#8221;][et_pb_fullwidth_header title=&#8221;Nasze Wygrane Sprawy&#8221; subhead=&#8221;WYROKI&#8221; background_overlay_color=&#8221;rgba(0,0,0,0.8)&#8221; content_max_width=&#8221;550px&#8221; _builder_version=&#8221;4.21.0&#8243; title_font=&#8221;Poppins|700||on|||||&#8221; title_text_color=&#8221;#edbb5f&#8221; title_font_size=&#8221;14px&#8221; title_letter_spacing=&#8221;2px&#8221; title_line_height=&#8221;1.4em&#8221; content_font=&#8221;Poppins|300||on|||||&#8221; content_font_size=&#8221;15px&#8221; content_letter_spacing=&#8221;1px&#8221; content_line_height=&#8221;3em&#8221; subhead_font=&#8221;Playfair Display|700||on|||||&#8221; subhead_font_size=&#8221;48px&#8221; subhead_letter_spacing=&#8221;3px&#8221; subhead_line_height=&#8221;1.4em&#8221; background_color=&#8221;rgba(255, 255, 255, 0)&#8221; background_image=&#8221;http:\/\/www.calvis.pl\/blog\/wp-content\/uploads\/2024\/08\/Screenshot-2024-08-29-at-13.51.26.png&#8221; custom_button_one=&#8221;on&#8221; button_one_border_width=&#8221;1px&#8221; button_one_border_color=&#8221;rgba(255,255,255,0.3)&#8221; button_one_border_radius=&#8221;0px&#8221; button_one_letter_spacing=&#8221;1px&#8221; button_one_font=&#8221;Saira Extra Condensed|600||on|||||&#8221; button_one_icon=&#8221;&#x24;||divi||400&#8243; button_one_icon_color=&#8221;#edbb5f&#8221; custom_button_two=&#8221;on&#8221; button_two_border_width=&#8221;1px&#8221; button_two_border_color=&#8221;rgba(255,255,255,0.3)&#8221; button_two_border_radius=&#8221;0px&#8221; button_two_letter_spacing=&#8221;1px&#8221; button_two_font=&#8221;Saira Extra Condensed|600||on|||||&#8221; button_two_icon=&#8221;&#x24;||divi||400&#8243; button_two_icon_color=&#8221;#edbb5f&#8221; module_alignment=&#8221;right&#8221; custom_margin=&#8221;|||&#8221; custom_padding=&#8221;4%||100px||false|false&#8221; custom_padding_tablet=&#8221;8%||130px||false|false&#8221; custom_padding_phone=&#8221;||80px||false|false&#8221; custom_padding_last_edited=&#8221;on|phone&#8221; button_one_text_color_hover=&#8221;#edbb5f&#8221; button_two_text_color_hover=&#8221;#edbb5f&#8221; button_one_bg_color_hover=&#8221;rgba(0,0,0,0)&#8221; button_two_bg_color_hover=&#8221;rgba(0,0,0,0)&#8221; global_colors_info=&#8221;{}&#8221; button_one_text_size__hover_enabled=&#8221;off&#8221; button_two_text_size__hover_enabled=&#8221;off&#8221; button_one_text_color__hover_enabled=&#8221;on&#8221; button_one_text_color__hover=&#8221;#edbb5f&#8221; button_two_text_color__hover_enabled=&#8221;on&#8221; button_two_text_color__hover=&#8221;#edbb5f&#8221; button_one_border_width__hover_enabled=&#8221;off&#8221; button_two_border_width__hover_enabled=&#8221;off&#8221; button_one_border_color__hover_enabled=&#8221;off&#8221; button_two_border_color__hover_enabled=&#8221;off&#8221; button_one_border_radius__hover_enabled=&#8221;off&#8221; button_two_border_radius__hover_enabled=&#8221;off&#8221; button_one_letter_spacing__hover_enabled=&#8221;off&#8221; button_two_letter_spacing__hover_enabled=&#8221;off&#8221; button_one_bg_color__hover_enabled=&#8221;on&#8221; button_one_bg_color__hover=&#8221;rgba(0,0,0,0)&#8221; button_two_bg_color__hover_enabled=&#8221;on&#8221; button_two_bg_color__hover=&#8221;rgba(0,0,0,0)&#8221;][\/et_pb_fullwidth_header][\/et_pb_section][et_pb_section fb_built=&#8221;1&#8243; admin_label=&#8221;Team&#8221; _builder_version=&#8221;4.20.4&#8243; custom_padding=&#8221;50px|0px|99px|0px||&#8221; global_colors_info=&#8221;{}&#8221;][et_pb_row _builder_version=&#8221;4.20.4&#8243; _module_preset=&#8221;default&#8221; custom_padding=&#8221;0px|||||&#8221; global_colors_info=&#8221;{}&#8221;][et_pb_column type=&#8221;4_4&#8243; _builder_version=&#8221;4.20.4&#8243; _module_preset=&#8221;default&#8221; global_colors_info=&#8221;{}&#8221;][et_pb_icon font_icon=&#8221;&#xf24e;||fa||900&#8243; icon_width=&#8221;38px&#8221; _builder_version=&#8221;4.21.0&#8243; _module_preset=&#8221;default&#8221; custom_padding=&#8221;||3px|||&#8221; global_colors_info=&#8221;{}&#8221;][\/et_pb_icon][et_pb_text _builder_version=&#8221;4.21.0&#8243; text_font=&#8221;||||||||&#8221; header_font=&#8221;||||||||&#8221; header_2_font=&#8221;Playfair Display|700|||||||&#8221; header_2_font_size=&#8221;38px&#8221; header_2_letter_spacing=&#8221;1px&#8221; header_2_line_height=&#8221;1.4em&#8221; header_3_font=&#8221;Poppins|700||on|||||&#8221; header_3_text_color=&#8221;#edbb5f&#8221; header_3_font_size=&#8221;14px&#8221; header_3_letter_spacing=&#8221;1px&#8221; header_3_line_height=&#8221;2em&#8221; max_width=&#8221;1000px&#8221; module_alignment=&#8221;center&#8221; custom_margin=&#8221;|||40px||&#8221; custom_padding=&#8221;0px||0px||false|false&#8221; locked=&#8221;off&#8221; global_colors_info=&#8221;{}&#8221;]<\/p>\n<h3 style=\"text-align: center;\"><\/h3>\n<h2 style=\"text-align: center;\">Nasze Sukcesy \u2013 Orzeczenia Na Korzy\u015b\u0107 Naszych Klient\u00f3w<\/h2>\n<p>[\/et_pb_text][\/et_pb_column][\/et_pb_row][et_pb_row _builder_version=&#8221;4.21.0&#8243; _module_preset=&#8221;default&#8221; global_colors_info=&#8221;{}&#8221;][et_pb_column type=&#8221;4_4&#8243; _builder_version=&#8221;4.21.0&#8243; _module_preset=&#8221;default&#8221; global_colors_info=&#8221;{}&#8221;][et_pb_text _builder_version=&#8221;4.21.0&#8243; _module_preset=&#8221;default&#8221; text_font_size=&#8221;16px&#8221; global_colors_info=&#8221;{}&#8221;]<\/p>\n<p style=\"text-align: center;\">Jeste\u015bmy dumni z rezultat\u00f3w, kt\u00f3re wypracowujemy.<\/p>\n<p style=\"text-align: center;\">Na tej stronie znajdziesz wybrane nakazy zap\u0142aty oraz wyroki s\u0105dowe, kt\u00f3re s\u0105d rozstrzygn\u0105\u0142 na korzy\u015b\u0107 naszych klient\u00f3w. Ka\u017cdy z tych dokument\u00f3w jest dowodem na to, \u017ce walczymy o Twoje prawa z najwi\u0119kszym zaanga\u017cowaniem i profesjonalizmem.<\/p>\n<p style=\"text-align: center;\">Zapoznaj si\u0119 z nimi, aby przekona\u0107 si\u0119, jak mo\u017cemy pom\u00f3c r\u00f3wnie\u017c Tobie.<\/p>\n<p>[\/et_pb_text][\/et_pb_column][\/et_pb_row][et_pb_row _builder_version=&#8221;4.21.0&#8243; _module_preset=&#8221;default&#8221; global_colors_info=&#8221;{}&#8221;][et_pb_column type=&#8221;4_4&#8243; _builder_version=&#8221;4.21.0&#8243; _module_preset=&#8221;default&#8221; global_colors_info=&#8221;{}&#8221;][et_pb_accordion _builder_version=&#8221;4.21.0&#8243; _module_preset=&#8221;default&#8221; toggle_font=&#8221;Playfair Display||||||||&#8221; hover_enabled=&#8221;0&#8243; global_colors_info=&#8221;{}&#8221; sticky_enabled=&#8221;0&#8243;][et_pb_accordion_item title=&#8221;WYROK z dnia 7.02.2025 r. | Sygn. akt I C 390\/24&#8243; open=&#8221;on&#8221; _builder_version=&#8221;4.21.0&#8243; _module_preset=&#8221;default&#8221; global_colors_info=&#8221;{}&#8221;]<\/p>\n<p><img decoding=\"async\" src=\"http:\/\/www.calvis.pl\/blog\/wp-content\/uploads\/2025\/03\/wyrok-I-instancji_redacted_page-0001-2.jpg\" width=\"1000\" alt=\"\" class=\"wp-image-385 aligncenter\" \/><\/p>\n<p>[\/et_pb_accordion_item][et_pb_accordion_item title=&#8221;WYROK z dnia 20.01.2025 r. | Sygn. akt I C 730\/24&#8243; _builder_version=&#8221;4.21.0&#8243; _module_preset=&#8221;default&#8221; global_colors_info=&#8221;{}&#8221; open=&#8221;off&#8221;]<\/p>\n<p><img decoding=\"async\" src=\"http:\/\/www.calvis.pl\/blog\/wp-content\/uploads\/2025\/03\/wyrok-I-instancji-13_redacted_page-0001-2.jpg\" width=\"1000\" alt=\"\" class=\"wp-image-385 aligncenter\" \/><\/p>\n<p>[\/et_pb_accordion_item][et_pb_accordion_item title=&#8221;WYROK z dnia 16.01.2025 r. | Sygn. akt I C 2280\/23&#8243; _builder_version=&#8221;4.21.0&#8243; _module_preset=&#8221;default&#8221; global_colors_info=&#8221;{}&#8221; open=&#8221;off&#8221;]<\/p>\n<p><img decoding=\"async\" src=\"http:\/\/www.calvis.pl\/blog\/wp-content\/uploads\/2025\/03\/wyrok-I-instancji-1_redacted-1_page-0001-2.jpg\" width=\"1000\" alt=\"\" class=\"wp-image-385 aligncenter\" \/><\/p>\n<p>[\/et_pb_accordion_item][et_pb_accordion_item title=&#8221;WYROK z dnia 23.12.2024 r. | Sygn. akt I C 1107\/24&#8243; _builder_version=&#8221;4.21.0&#8243; _module_preset=&#8221;default&#8221; global_colors_info=&#8221;{}&#8221; open=&#8221;off&#8221;]<\/p>\n<p><img decoding=\"async\" src=\"http:\/\/www.calvis.pl\/blog\/wp-content\/uploads\/2025\/03\/wyrok-I-instancji-2_redacted_page-0001.jpg\" width=\"1000\" alt=\"\" class=\"wp-image-385 aligncenter\" \/><\/p>\n<p>[\/et_pb_accordion_item][et_pb_accordion_item title=&#8221;WYROK z dnia 20.12.2024 r. | Sygn. akt I C 176\/23&#8243; _builder_version=&#8221;4.21.0&#8243; _module_preset=&#8221;default&#8221; hover_enabled=&#8221;0&#8243; global_colors_info=&#8221;{}&#8221; open=&#8221;off&#8221; sticky_enabled=&#8221;0&#8243;]<img decoding=\"async\" src=\"http:\/\/www.calvis.pl\/blog\/wp-content\/uploads\/2025\/03\/wyrok-I-instancji-3_dwiestrony_page-0001-1.jpg\" width=\"1000\" alt=\"\" class=\"wp-image-385 aligncenter\" \/> <img decoding=\"async\" src=\"http:\/\/www.calvis.pl\/blog\/wp-content\/uploads\/2025\/03\/wyrok-I-instancji-3_dwiestrony_page-0002-1.jpg\" width=\"1000\" alt=\"\" class=\"wp-image-385 aligncenter\" \/>[\/et_pb_accordion_item][et_pb_accordion_item title=&#8221;WYROK z dnia 18.12.2024 r. | Sygn. akt I C 1318\/24&#8243; _builder_version=&#8221;4.21.0&#8243; _module_preset=&#8221;default&#8221; global_colors_info=&#8221;{}&#8221; open=&#8221;off&#8221;]<\/p>\n<p><img decoding=\"async\" src=\"http:\/\/www.calvis.pl\/blog\/wp-content\/uploads\/2025\/03\/wyrok-I-instancji-14_redacted_page-0001-2.jpg\" width=\"1000\" alt=\"\" class=\"wp-image-385 aligncenter\" \/><\/p>\n<p>[\/et_pb_accordion_item][et_pb_accordion_item title=&#8221;WYROK z dnia 16.12.2024 r. | Sygn. akt II C 1293\/24&#8243; _builder_version=&#8221;4.21.0&#8243; _module_preset=&#8221;default&#8221; global_colors_info=&#8221;{}&#8221; open=&#8221;off&#8221;]<\/p>\n<p><img decoding=\"async\" src=\"http:\/\/www.calvis.pl\/blog\/wp-content\/uploads\/2025\/03\/wyrok-I-instnacji-1_redacted_page-0001-2.jpg\" width=\"1000\" alt=\"\" class=\"wp-image-385 aligncenter\" \/><\/p>\n<p>[\/et_pb_accordion_item][et_pb_accordion_item title=&#8221;WYROK z dnia 9.12.2024 r. | Sygn. akt I C 211\/24\/S&#8221; _builder_version=&#8221;4.21.0&#8243; _module_preset=&#8221;default&#8221; global_colors_info=&#8221;{}&#8221; open=&#8221;off&#8221;]<\/p>\n<p><img decoding=\"async\" src=\"http:\/\/www.calvis.pl\/blog\/wp-content\/uploads\/2025\/03\/wyrok-I-instancji-4_redacted_page-0001.jpg\" width=\"1000\" alt=\"\" class=\"wp-image-385 aligncenter\" \/><\/p>\n<p>[\/et_pb_accordion_item][et_pb_accordion_item title=&#8221;WYROK z dnia 19.11.2024 r. | Sygn. akt I C 4623\/23&#8243; _builder_version=&#8221;4.21.0&#8243; _module_preset=&#8221;default&#8221; global_colors_info=&#8221;{}&#8221; open=&#8221;off&#8221;]<\/p>\n<p><img decoding=\"async\" src=\"http:\/\/www.calvis.pl\/blog\/wp-content\/uploads\/2025\/03\/wyrok-I-instancji-7_redacted_page-0001-2.jpg\" width=\"1000\" alt=\"\" class=\"wp-image-385 aligncenter\" \/><\/p>\n<p>[\/et_pb_accordion_item][et_pb_accordion_item title=&#8221;WYROK z dnia 17.10.2024 r. | Sygn. akt XVIII C 445\/24&#8243; _builder_version=&#8221;4.21.0&#8243; _module_preset=&#8221;default&#8221; hover_enabled=&#8221;0&#8243; global_colors_info=&#8221;{}&#8221; open=&#8221;off&#8221; sticky_enabled=&#8221;0&#8243;]<img decoding=\"async\" src=\"http:\/\/www.calvis.pl\/blog\/wp-content\/uploads\/2025\/03\/wyrok-I-instancji-5_dwiestrony_page-0001.jpg\" width=\"1000\" alt=\"\" class=\"wp-image-385 aligncenter\" \/>[\/et_pb_accordion_item][et_pb_accordion_item title=&#8221;WYROK z dnia 7.10.2024 r. | Sygn. akt I C 185\/24&#8243; _builder_version=&#8221;4.21.0&#8243; _module_preset=&#8221;default&#8221; global_colors_info=&#8221;{}&#8221; open=&#8221;off&#8221;]<\/p>\n<p><img decoding=\"async\" src=\"http:\/\/www.calvis.pl\/blog\/wp-content\/uploads\/2025\/03\/wyrok-I-instancji-15_redacted_page-0001-2.jpg\" width=\"1000\" alt=\"\" class=\"wp-image-385 aligncenter\" \/><\/p>\n<p>[\/et_pb_accordion_item][et_pb_accordion_item title=&#8221;WYROK z dnia 26.09.2024 r. | Sygn. akt I C 987\/23&#8243; _builder_version=&#8221;4.21.0&#8243; _module_preset=&#8221;default&#8221; global_colors_info=&#8221;{}&#8221; open=&#8221;off&#8221;]<\/p>\n<p><img decoding=\"async\" src=\"http:\/\/www.calvis.pl\/blog\/wp-content\/uploads\/2025\/03\/wyrok-I-instancji-6_redacted_page-0001.jpg\" width=\"1000\" alt=\"\" class=\"wp-image-385 aligncenter\" \/><\/p>\n<p>[\/et_pb_accordion_item][et_pb_accordion_item title=&#8221;WYROK z dnia 13.09.2024 r. | Sygn. akt I C 3703\/23&#8243; _builder_version=&#8221;4.21.0&#8243; _module_preset=&#8221;default&#8221; global_colors_info=&#8221;{}&#8221; open=&#8221;off&#8221;]<\/p>\n<p><img decoding=\"async\" src=\"http:\/\/www.calvis.pl\/blog\/wp-content\/uploads\/2025\/03\/wyrok-I-instancji-8_redacted_page-0001-2.jpg\" width=\"1000\" alt=\"\" class=\"wp-image-385 aligncenter\" \/><\/p>\n<p>[\/et_pb_accordion_item][et_pb_accordion_item title=&#8221;WYROK z dnia 11.07.2024 r. | Sygn. akt I C 236\/24&#8243; _builder_version=&#8221;4.21.0&#8243; _module_preset=&#8221;default&#8221; hover_enabled=&#8221;0&#8243; global_colors_info=&#8221;{}&#8221; open=&#8221;off&#8221; sticky_enabled=&#8221;0&#8243;]<img decoding=\"async\" src=\"http:\/\/www.calvis.pl\/blog\/wp-content\/uploads\/2025\/03\/wyrok-I-instancji-9_dwiestrony_page-0001.jpg\" width=\"1000\" alt=\"\" class=\"wp-image-385 aligncenter\" \/>[\/et_pb_accordion_item][et_pb_accordion_item title=&#8221;WYROK z dnia 6.06.2024 r. | Sygn. akt I C 1276\/23&#8243; _builder_version=&#8221;4.21.0&#8243; _module_preset=&#8221;default&#8221; hover_enabled=&#8221;0&#8243; global_colors_info=&#8221;{}&#8221; open=&#8221;off&#8221; sticky_enabled=&#8221;0&#8243;]<img decoding=\"async\" src=\"http:\/\/www.calvis.pl\/blog\/wp-content\/uploads\/2025\/03\/wyrok-I-instancji-11_dwiestrony_page-0001.jpg\" width=\"1000\" alt=\"\" class=\"wp-image-385 aligncenter\" \/>[\/et_pb_accordion_item][et_pb_accordion_item title=&#8221;WYROK z dnia 23.05.2024 r. | Sygn. akt XII C 1532\/23&#8243; _builder_version=&#8221;4.21.0&#8243; _module_preset=&#8221;default&#8221; global_colors_info=&#8221;{}&#8221; open=&#8221;off&#8221;]<\/p>\n<p><img decoding=\"async\" src=\"http:\/\/www.calvis.pl\/blog\/wp-content\/uploads\/2025\/03\/wyrok-I-instancji-16_redacted_page-0001-2.jpg\" width=\"1000\" alt=\"\" class=\"wp-image-385 aligncenter\" \/><\/p>\n<p>[\/et_pb_accordion_item][et_pb_accordion_item title=&#8221;WYROK z dnia 8.05.2024 r. | Sygn. akt I C 1870\/23&#8243; _builder_version=&#8221;4.21.0&#8243; _module_preset=&#8221;default&#8221; global_colors_info=&#8221;{}&#8221; open=&#8221;off&#8221;]<\/p>\n<p><img decoding=\"async\" src=\"http:\/\/www.calvis.pl\/blog\/wp-content\/uploads\/2025\/03\/wyrok-I-instancji-10_redacted_page-0001-2.jpg\" width=\"1000\" alt=\"\" class=\"wp-image-385 aligncenter\" \/><\/p>\n<p>[\/et_pb_accordion_item][et_pb_accordion_item title=&#8221;WYROK z dnia 28.03.2024 r. | Sygn. akt I C 1605\/23&#8243; _builder_version=&#8221;4.21.0&#8243; _module_preset=&#8221;default&#8221; global_colors_info=&#8221;{}&#8221; open=&#8221;off&#8221;]<\/p>\n<p><img decoding=\"async\" src=\"http:\/\/www.calvis.pl\/blog\/wp-content\/uploads\/2025\/03\/wyrok-I-instancji-12_redacted_page-0001-2.jpg\" width=\"1000\" alt=\"\" class=\"wp-image-385 aligncenter\" \/><\/p>\n<p>[\/et_pb_accordion_item][et_pb_accordion_item title=&#8221;WYROK z dnia 12.02.2024 r. | Sygn. akt I C 1034\/23&#8243; _builder_version=&#8221;4.21.0&#8243; _module_preset=&#8221;default&#8221; hover_enabled=&#8221;0&#8243; global_colors_info=&#8221;{}&#8221; open=&#8221;off&#8221; sticky_enabled=&#8221;0&#8243;]<img decoding=\"async\" src=\"http:\/\/www.calvis.pl\/blog\/wp-content\/uploads\/2025\/03\/wyrok-I-instnacji_dwiestrony_page-0001.jpg\" width=\"1000\" alt=\"\" class=\"wp-image-385 aligncenter\" \/> <img decoding=\"async\" src=\"http:\/\/www.calvis.pl\/blog\/wp-content\/uploads\/2025\/03\/wyrok-I-instnacji_dwiestrony_page-0002.jpg\" width=\"1000\" alt=\"\" class=\"wp-image-385 aligncenter\" \/>[\/et_pb_accordion_item][\/et_pb_accordion][\/et_pb_column][\/et_pb_row][\/et_pb_section][et_pb_section fb_built=&#8221;1&#8243; _builder_version=&#8221;4.21.0&#8243; _module_preset=&#8221;default&#8221; background_color=&#8221;#171717&#8243; global_colors_info=&#8221;{}&#8221;][et_pb_row column_structure=&#8221;1_4,1_4,1_4,1_4&#8243; use_custom_gutter=&#8221;on&#8221; gutter_width=&#8221;1&#8243; _builder_version=&#8221;4.21.0&#8243; _module_preset=&#8221;default&#8221; width=&#8221;90%&#8221; max_width=&#8221;2560px&#8221; global_colors_info=&#8221;{}&#8221;][et_pb_column type=&#8221;1_4&#8243; _builder_version=&#8221;4.21.0&#8243; _module_preset=&#8221;default&#8221; global_colors_info=&#8221;{}&#8221;][et_pb_text _builder_version=&#8221;4.21.0&#8243; text_font=&#8221;Poppins|300|||||||&#8221; text_text_color=&#8221;#FFFFFF&#8221; text_letter_spacing=&#8221;1px&#8221; text_line_height=&#8221;2em&#8221; max_width=&#8221;550px&#8221; locked=&#8221;off&#8221; global_colors_info=&#8221;{}&#8221;]<\/p>\n<div><span style=\"color: #ffffff;\"><a href=\"http:\/\/www.calvis.pl\/blog\/#start\" style=\"color: #ffffff;\">Do g\u00f3ry<\/a><\/span><\/div>\n<div><\/div>\n<div><\/div>\n<div><\/div>\n<div><span style=\"color: #ffffff;\"><a href=\"http:\/\/www.calvis.pl\/blog\/#anchor-2\" style=\"color: #ffffff;\">Jak dzia\u0142amy<\/a><\/span><\/div>\n<div><span style=\"color: #ffffff;\"><a href=\"http:\/\/www.calvis.pl\/blog\/baza-wiedzy\/\" style=\"color: #ffffff;\">Baza wiedzy<\/a><\/span><\/div>\n<div><\/div>\n<div><\/div>\n<div><span style=\"color: #ffffff;\"><a href=\"http:\/\/www.calvis.pl\/blog\/nasz-zespol\/\" style=\"color: #ffffff;\">Nasz zesp\u00f3\u0142<\/a><\/span><\/div>\n<div><span style=\"color: #ffffff;\"><a href=\"http:\/\/www.calvis.pl\/blog\/#anchor-3\" style=\"color: #ffffff;\">Kontakt<\/a><\/span><\/div>\n<div><\/div>\n<div><\/div>\n<div><\/div>\n<p>[\/et_pb_text][\/et_pb_column][et_pb_column type=&#8221;1_4&#8243; _builder_version=&#8221;4.21.0&#8243; _module_preset=&#8221;default&#8221; global_colors_info=&#8221;{}&#8221;][et_pb_text _builder_version=&#8221;4.21.0&#8243; text_font=&#8221;Poppins|300|||||||&#8221; text_text_color=&#8221;#FFFFFF&#8221; text_letter_spacing=&#8221;1px&#8221; text_line_height=&#8221;2em&#8221; max_width=&#8221;550px&#8221; locked=&#8221;off&#8221; global_colors_info=&#8221;{}&#8221;]<\/p>\n<div><span style=\"font-size: 14px;\">Franki Kancelaria Sp\u00f3\u0142ka z o.o.\u00a0<\/span><\/div>\n<div>ul. Izaaka 7, 31-057 Krak\u00f3w<\/div>\n<div><\/div>\n<div><\/div>\n<div><span>789 273 664\u00a0<\/span><\/div>\n<div><span style=\"color: #ffffff;\"><a href=\"mailto:kontakt@frankikancelaria.pl\" target=\"_blank\" rel=\"noopener\" style=\"color: #ffffff;\">kontakt@frankikancelaria.pl<\/a>\u00a0<\/span><\/div>\n<p>[\/et_pb_text][\/et_pb_column][et_pb_column type=&#8221;1_4&#8243; _builder_version=&#8221;4.21.0&#8243; _module_preset=&#8221;default&#8221; global_colors_info=&#8221;{}&#8221;][et_pb_text _builder_version=&#8221;4.21.0&#8243; text_font=&#8221;Poppins|300|||||||&#8221; text_text_color=&#8221;#FFFFFF&#8221; text_letter_spacing=&#8221;1px&#8221; text_line_height=&#8221;2em&#8221; max_width=&#8221;550px&#8221; locked=&#8221;off&#8221; global_colors_info=&#8221;{}&#8221;]<\/p>\n<div>NIP: 6762636076<\/div>\n<div><\/div>\n<div><\/div>\n<div>REGON: 524434862<\/div>\n<div>KRS: 0001018311<\/div>\n<p>[\/et_pb_text][\/et_pb_column][et_pb_column type=&#8221;1_4&#8243; _builder_version=&#8221;4.21.0&#8243; _module_preset=&#8221;default&#8221; global_colors_info=&#8221;{}&#8221;][et_pb_image src=&#8221;http:\/\/www.calvis.pl\/blog\/wp-content\/uploads\/2023\/06\/Franki-Kancelaria-logo-kolor.png&#8221; _builder_version=&#8221;4.21.0&#8243; _module_preset=&#8221;default&#8221; global_colors_info=&#8221;{}&#8221;][\/et_pb_image][\/et_pb_column][\/et_pb_row][\/et_pb_section]<\/p>\n","protected":false},"excerpt":{"rendered":"<p>Nasze Sukcesy \u2013 Orzeczenia Na Korzy\u015b\u0107 Naszych Klient\u00f3wJeste\u015bmy dumni z rezultat\u00f3w, kt\u00f3re wypracowujemy. Na tej stronie znajdziesz wybrane nakazy zap\u0142aty oraz wyroki s\u0105dowe, kt\u00f3re s\u0105d rozstrzygn\u0105\u0142 na korzy\u015b\u0107 naszych klient\u00f3w. Ka\u017cdy z tych dokument\u00f3w jest dowodem na to, \u017ce walczymy o Twoje prawa z najwi\u0119kszym zaanga\u017cowaniem i profesjonalizmem. Zapoznaj si\u0119 z nimi, aby przekona\u0107 si\u0119, [&hellip;]<\/p>\n","protected":false},"author":1,"featured_media":0,"parent":0,"menu_order":0,"comment_status":"closed","ping_status":"closed","template":"","meta":{"_et_pb_use_builder":"on","_et_pb_old_content":"","_et_gb_content_width":"","footnotes":""},"class_list":["post-306","page","type-page","status-publish","hentry"],"_links":{"self":[{"href":"https:\/\/www.calvis.pl\/blog\/wp-json\/wp\/v2\/pages\/306"}],"collection":[{"href":"https:\/\/www.calvis.pl\/blog\/wp-json\/wp\/v2\/pages"}],"about":[{"href":"https:\/\/www.calvis.pl\/blog\/wp-json\/wp\/v2\/types\/page"}],"author":[{"embeddable":true,"href":"https:\/\/www.calvis.pl\/blog\/wp-json\/wp\/v2\/users\/1"}],"replies":[{"embeddable":true,"href":"https:\/\/www.calvis.pl\/blog\/wp-json\/wp\/v2\/comments?post=306"}],"version-history":[{"count":0,"href":"https:\/\/www.calvis.pl\/blog\/wp-json\/wp\/v2\/pages\/306\/revisions"}],"wp:attachment":[{"href":"https:\/\/www.calvis.pl\/blog\/wp-json\/wp\/v2\/media?parent=306"}],"curies":[{"name":"wp","href":"https:\/\/api.w.org\/{rel}","templated":true}]}}