{"id":60,"date":"2023-05-09T16:36:48","date_gmt":"2023-05-09T16:36:48","guid":{"rendered":"http:\/\/www.calvis.pl\/blog\/?page_id=60"},"modified":"2025-04-04T07:56:48","modified_gmt":"2025-04-04T07:56:48","slug":"nasz-zespol","status":"publish","type":"page","link":"https:\/\/www.calvis.pl\/blog\/nasz-zespol\/","title":{"rendered":"Nasz zesp\u00f3\u0142"},"content":{"rendered":"<p>[et_pb_section fb_built=&#8221;1&#8243; fullwidth=&#8221;on&#8221; admin_label=&#8221;Hero Section&#8221; _builder_version=&#8221;4.16&#8243; global_colors_info=&#8221;{}&#8221;][et_pb_fullwidth_header title=&#8221;specjali\u015bci od kredyt\u00f3w frankowych&#8221; subhead=&#8221;poznaj nasz zesp\u00f3\u0142&#8221; background_overlay_color=&#8221;rgba(0,0,0,0.8)&#8221; content_max_width=&#8221;550px&#8221; _builder_version=&#8221;4.20.4&#8243; title_font=&#8221;Poppins|700||on|||||&#8221; title_text_color=&#8221;#edbb5f&#8221; title_font_size=&#8221;14px&#8221; title_letter_spacing=&#8221;2px&#8221; title_line_height=&#8221;1.4em&#8221; content_font=&#8221;Poppins||||||||&#8221; content_font_size=&#8221;16px&#8221; content_letter_spacing=&#8221;1px&#8221; content_line_height=&#8221;2em&#8221; subhead_font=&#8221;Playfair Display|700||on|||||&#8221; subhead_font_size=&#8221;48px&#8221; subhead_letter_spacing=&#8221;3px&#8221; subhead_line_height=&#8221;1.4em&#8221; background_color=&#8221;rgba(255, 255, 255, 0)&#8221; background_image=&#8221;http:\/\/www.calvis.pl\/blog\/wp-content\/uploads\/2023\/04\/consultant-11.jpg&#8221; parallax=&#8221;on&#8221; parallax_method=&#8221;on&#8221; custom_button_one=&#8221;on&#8221; button_one_border_width=&#8221;1px&#8221; button_one_border_color=&#8221;rgba(255,255,255,0.3)&#8221; button_one_border_radius=&#8221;0px&#8221; button_one_letter_spacing=&#8221;1px&#8221; button_one_font=&#8221;Saira Extra Condensed|600||on|||||&#8221; button_one_icon=&#8221;&#x24;||divi||400&#8243; button_one_icon_color=&#8221;#edbb5f&#8221; custom_button_two=&#8221;on&#8221; button_two_border_width=&#8221;1px&#8221; button_two_border_color=&#8221;rgba(255,255,255,0.3)&#8221; button_two_border_radius=&#8221;0px&#8221; button_two_letter_spacing=&#8221;1px&#8221; button_two_font=&#8221;Saira Extra Condensed|600||on|||||&#8221; button_two_icon=&#8221;&#x24;||divi||400&#8243; button_two_icon_color=&#8221;#edbb5f&#8221; module_alignment=&#8221;right&#8221; custom_margin=&#8221;|||&#8221; custom_padding=&#8221;4%||100px||false|false&#8221; custom_padding_tablet=&#8221;8%||130px||false|false&#8221; custom_padding_phone=&#8221;||80px||false|false&#8221; custom_padding_last_edited=&#8221;on|phone&#8221; button_one_text_color_hover=&#8221;#edbb5f&#8221; button_two_text_color_hover=&#8221;#edbb5f&#8221; button_one_bg_color_hover=&#8221;rgba(0,0,0,0)&#8221; button_two_bg_color_hover=&#8221;rgba(0,0,0,0)&#8221; global_colors_info=&#8221;{}&#8221; button_one_text_size__hover_enabled=&#8221;off&#8221; button_two_text_size__hover_enabled=&#8221;off&#8221; button_one_text_color__hover_enabled=&#8221;on&#8221; button_one_text_color__hover=&#8221;#edbb5f&#8221; button_two_text_color__hover_enabled=&#8221;on&#8221; button_two_text_color__hover=&#8221;#edbb5f&#8221; button_one_border_width__hover_enabled=&#8221;off&#8221; button_two_border_width__hover_enabled=&#8221;off&#8221; button_one_border_color__hover_enabled=&#8221;off&#8221; button_two_border_color__hover_enabled=&#8221;off&#8221; button_one_border_radius__hover_enabled=&#8221;off&#8221; button_two_border_radius__hover_enabled=&#8221;off&#8221; button_one_letter_spacing__hover_enabled=&#8221;off&#8221; button_two_letter_spacing__hover_enabled=&#8221;off&#8221; button_one_bg_color__hover_enabled=&#8221;on&#8221; button_one_bg_color__hover=&#8221;rgba(0,0,0,0)&#8221; button_two_bg_color__hover_enabled=&#8221;on&#8221; button_two_bg_color__hover=&#8221;rgba(0,0,0,0)&#8221;]<\/p>\n<p>&nbsp;<\/p>\n<p>Twoj\u0105 spraw\u0105 zajm\u0105 si\u0119 wy\u0142\u0105cznie praktycy, kt\u00f3rzy ka\u017cdego dnia wygrywaj\u0105 z bankami!<\/p>\n<p>[\/et_pb_fullwidth_header][\/et_pb_section][et_pb_section fb_built=&#8221;1&#8243; admin_label=&#8221;Team&#8221; _builder_version=&#8221;4.20.4&#8243; custom_padding=&#8221;50px|0px|99px|0px||&#8221; global_colors_info=&#8221;{}&#8221;][et_pb_row _builder_version=&#8221;4.20.4&#8243; _module_preset=&#8221;default&#8221; global_colors_info=&#8221;{}&#8221;][et_pb_column type=&#8221;4_4&#8243; _builder_version=&#8221;4.20.4&#8243; _module_preset=&#8221;default&#8221; global_colors_info=&#8221;{}&#8221;][et_pb_text _builder_version=&#8221;4.20.4&#8243; text_font=&#8221;||||||||&#8221; header_font=&#8221;||||||||&#8221; header_2_font=&#8221;Playfair Display|700|||||||&#8221; header_2_font_size=&#8221;38px&#8221; header_2_letter_spacing=&#8221;1px&#8221; header_2_line_height=&#8221;1.4em&#8221; header_3_font=&#8221;Poppins|700||on|||||&#8221; header_3_text_color=&#8221;#edbb5f&#8221; header_3_font_size=&#8221;14px&#8221; header_3_letter_spacing=&#8221;1px&#8221; header_3_line_height=&#8221;2em&#8221; max_width=&#8221;1000px&#8221; module_alignment=&#8221;center&#8221; custom_padding=&#8221;0px||||false|false&#8221; locked=&#8221;off&#8221; global_colors_info=&#8221;{}&#8221;]<\/p>\n<h3 style=\"text-align: center;\"><\/h3>\n<h2 style=\"text-align: center;\">Specjali\u015bci obs\u0142ugi klienta<\/h2>\n<p>[\/et_pb_text][\/et_pb_column][\/et_pb_row][et_pb_row column_structure=&#8221;1_2,1_2&#8243; _builder_version=&#8221;4.21.0&#8243; max_width=&#8221;2560px&#8221; custom_margin=&#8221;|||&#8221; custom_padding=&#8221;|||&#8221; custom_width_px=&#8221;1440px&#8221; global_colors_info=&#8221;{}&#8221;][et_pb_column type=&#8221;1_2&#8243; _builder_version=&#8221;4.16&#8243; custom_padding=&#8221;|||&#8221; global_colors_info=&#8221;{}&#8221; custom_padding__hover=&#8221;|||&#8221;][et_pb_image src=&#8221;http:\/\/www.calvis.pl\/blog\/wp-content\/uploads\/2023\/08\/1-scaled.jpg&#8221; align=&#8221;center&#8221; align_tablet=&#8221;center&#8221; align_phone=&#8221;&#8221; align_last_edited=&#8221;on|desktop&#8221; _builder_version=&#8221;4.21.0&#8243; width=&#8221;70%&#8221; global_colors_info=&#8221;{}&#8221;][\/et_pb_image][et_pb_team_member name=&#8221;Micha\u0142 Milasz&#8221; _builder_version=&#8221;4.21.0&#8243; header_font=&#8221;Poppins|700||on|||||&#8221; header_text_align=&#8221;center&#8221; header_text_color=&#8221;#edbb5f&#8221; header_font_size=&#8221;25px&#8221; header_letter_spacing=&#8221;1px&#8221; body_font=&#8221;Poppins||||||||&#8221; body_text_align=&#8221;center&#8221; body_text_color=&#8221;#2f2f2f&#8221; body_font_size=&#8221;16px&#8221; body_line_height=&#8221;1em&#8221; text_orientation=&#8221;left&#8221; background_layout=&#8221;dark&#8221; custom_margin=&#8221;40px|||&#8221; icon_hover_color=&#8221;#edbb5f&#8221; global_colors_info=&#8221;{}&#8221; icon_color__hover=&#8221;#edbb5f&#8221; icon_color__hover_enabled=&#8221;on&#8221;]<\/p>\n<p>Specjalista ds. obs\u0142ugi klienta<\/p>\n<p>Prawnik<\/p>\n<p>Aplikant adwokacki<\/p>\n<p>[\/et_pb_team_member][\/et_pb_column][et_pb_column type=&#8221;1_2&#8243; _builder_version=&#8221;4.16&#8243; custom_padding=&#8221;|||&#8221; global_colors_info=&#8221;{}&#8221; custom_padding__hover=&#8221;|||&#8221;][et_pb_image src=&#8221;http:\/\/www.calvis.pl\/blog\/wp-content\/uploads\/2023\/08\/2-scaled.jpg&#8221; align=&#8221;center&#8221; align_tablet=&#8221;center&#8221; align_phone=&#8221;&#8221; align_last_edited=&#8221;on|desktop&#8221; _builder_version=&#8221;4.21.0&#8243; width=&#8221;70%&#8221; global_colors_info=&#8221;{}&#8221;][\/et_pb_image][et_pb_team_member name=&#8221;Zuzanna Dobosz&#8221; _builder_version=&#8221;4.21.0&#8243; header_font=&#8221;Poppins|700||on|||||&#8221; header_text_align=&#8221;center&#8221; header_text_color=&#8221;#edbb5f&#8221; header_font_size=&#8221;25px&#8221; header_letter_spacing=&#8221;1px&#8221; body_font=&#8221;Poppins||||||||&#8221; body_text_align=&#8221;center&#8221; body_text_color=&#8221;#2f2f2f&#8221; body_font_size=&#8221;16px&#8221; body_line_height=&#8221;1em&#8221; text_orientation=&#8221;left&#8221; background_layout=&#8221;dark&#8221; custom_margin=&#8221;40px|||&#8221; icon_hover_color=&#8221;#edbb5f&#8221; global_colors_info=&#8221;{}&#8221; icon_color__hover=&#8221;#edbb5f&#8221; icon_color__hover_enabled=&#8221;on&#8221;]<\/p>\n<p>Specjalista ds. obs\u0142ugi klienta<\/p>\n<p>Prawnik<\/p>\n<p>[\/et_pb_team_member][\/et_pb_column][\/et_pb_row][et_pb_row column_structure=&#8221;1_2,1_2&#8243; _builder_version=&#8221;4.21.0&#8243; max_width=&#8221;2560px&#8221; custom_margin=&#8221;|||&#8221; custom_padding=&#8221;|||&#8221; custom_width_px=&#8221;1440px&#8221; global_colors_info=&#8221;{}&#8221;][et_pb_column type=&#8221;1_2&#8243; _builder_version=&#8221;4.16&#8243; custom_padding=&#8221;|||&#8221; global_colors_info=&#8221;{}&#8221; custom_padding__hover=&#8221;|||&#8221;][et_pb_image src=&#8221;http:\/\/www.calvis.pl\/blog\/wp-content\/uploads\/2023\/08\/3-scaled.jpg&#8221; align=&#8221;center&#8221; align_tablet=&#8221;center&#8221; align_phone=&#8221;&#8221; align_last_edited=&#8221;on|desktop&#8221; _builder_version=&#8221;4.21.0&#8243; width=&#8221;70%&#8221; hover_enabled=&#8221;0&#8243; global_colors_info=&#8221;{}&#8221; sticky_enabled=&#8221;0&#8243;][\/et_pb_image][et_pb_team_member name=&#8221;Marcin Popielarz&#8221; _builder_version=&#8221;4.21.0&#8243; header_font=&#8221;Poppins|700||on|||||&#8221; header_text_align=&#8221;center&#8221; header_text_color=&#8221;#edbb5f&#8221; header_font_size=&#8221;25px&#8221; header_letter_spacing=&#8221;1px&#8221; body_font=&#8221;Poppins||||||||&#8221; body_text_align=&#8221;center&#8221; body_text_color=&#8221;#2f2f2f&#8221; body_font_size=&#8221;16px&#8221; body_line_height=&#8221;1em&#8221; text_orientation=&#8221;left&#8221; background_layout=&#8221;dark&#8221; custom_margin=&#8221;40px|||&#8221; icon_hover_color=&#8221;#edbb5f&#8221; global_colors_info=&#8221;{}&#8221; icon_color__hover=&#8221;#edbb5f&#8221; icon_color__hover_enabled=&#8221;on&#8221;]<\/p>\n<p>Starszy doradca finansowy<\/p>\n<p>&nbsp;<\/p>\n<p>[\/et_pb_team_member][\/et_pb_column][et_pb_column type=&#8221;1_2&#8243; _builder_version=&#8221;4.16&#8243; custom_padding=&#8221;|||&#8221; global_colors_info=&#8221;{}&#8221; custom_padding__hover=&#8221;|||&#8221;][et_pb_image align=&#8221;center&#8221; align_tablet=&#8221;center&#8221; align_phone=&#8221;&#8221; align_last_edited=&#8221;on|desktop&#8221; _builder_version=&#8221;4.21.0&#8243; width=&#8221;70%&#8221; hover_enabled=&#8221;0&#8243; global_colors_info=&#8221;{}&#8221; sticky_enabled=&#8221;0&#8243; alt=&#8221;Micha\u0142 Ciesielka \u2013 Starszy Radca Finansowy Franki Kancelaria&#8221; title_text=&#8221;Micha\u0142 Ciesielka&#8221; src=&#8221;http:\/\/www.calvis.pl\/blog\/wp-content\/uploads\/2025\/04\/Michal-ZDJ-2.webp&#8221;][\/et_pb_image][et_pb_team_member name=&#8221;Micha\u0142 Ciesielka&#8221; _builder_version=&#8221;4.21.0&#8243; header_font=&#8221;Poppins|700||on|||||&#8221; header_text_align=&#8221;center&#8221; header_text_color=&#8221;#edbb5f&#8221; header_font_size=&#8221;25px&#8221; header_letter_spacing=&#8221;1px&#8221; body_font=&#8221;Poppins||||||||&#8221; body_text_align=&#8221;center&#8221; body_text_color=&#8221;#2f2f2f&#8221; body_font_size=&#8221;16px&#8221; body_line_height=&#8221;1em&#8221; text_orientation=&#8221;left&#8221; background_layout=&#8221;dark&#8221; custom_margin=&#8221;40px|||&#8221; hover_enabled=&#8221;0&#8243; icon_hover_color=&#8221;#edbb5f&#8221; global_colors_info=&#8221;{}&#8221; icon_color__hover=&#8221;#edbb5f&#8221; icon_color__hover_enabled=&#8221;on&#8221; sticky_enabled=&#8221;0&#8243;]<\/p>\n<p>Starszy doradca finansowy<\/p>\n<p>&nbsp;<\/p>\n<p>[\/et_pb_team_member][\/et_pb_column][\/et_pb_row][et_pb_row _builder_version=&#8221;4.20.4&#8243; _module_preset=&#8221;default&#8221; global_colors_info=&#8221;{}&#8221;][et_pb_column type=&#8221;4_4&#8243; _builder_version=&#8221;4.20.4&#8243; _module_preset=&#8221;default&#8221; global_colors_info=&#8221;{}&#8221;][et_pb_text _builder_version=&#8221;4.20.4&#8243; text_font=&#8221;||||||||&#8221; header_font=&#8221;||||||||&#8221; header_2_font=&#8221;Playfair Display|700|||||||&#8221; header_2_font_size=&#8221;38px&#8221; header_2_letter_spacing=&#8221;1px&#8221; header_2_line_height=&#8221;1.4em&#8221; header_3_font=&#8221;Poppins|700||on|||||&#8221; header_3_text_color=&#8221;#edbb5f&#8221; header_3_font_size=&#8221;14px&#8221; header_3_letter_spacing=&#8221;1px&#8221; header_3_line_height=&#8221;2em&#8221; max_width=&#8221;1000px&#8221; module_alignment=&#8221;center&#8221; custom_padding=&#8221;0px||||false|false&#8221; locked=&#8221;off&#8221; global_colors_info=&#8221;{}&#8221;]<\/p>\n<h3 style=\"text-align: center;\"><\/h3>\n<h2 style=\"text-align: center;\">Nadz\u00f3r merytoryczny<\/h2>\n<p>[\/et_pb_text][\/et_pb_column][\/et_pb_row][et_pb_row column_structure=&#8221;1_2,1_2&#8243; _builder_version=&#8221;4.21.0&#8243; max_width=&#8221;2560px&#8221; custom_margin=&#8221;|||&#8221; custom_padding=&#8221;|||&#8221; custom_width_px=&#8221;1440px&#8221; global_colors_info=&#8221;{}&#8221;][et_pb_column type=&#8221;1_2&#8243; _builder_version=&#8221;4.16&#8243; custom_padding=&#8221;|||&#8221; global_colors_info=&#8221;{}&#8221; custom_padding__hover=&#8221;|||&#8221;][et_pb_image src=&#8221;http:\/\/www.calvis.pl\/blog\/wp-content\/uploads\/2024\/09\/WhatsApp-Image-2024-06-12-at-17.38.56.jpeg&#8221; title_text=&#8221;WhatsApp-Image-2024-06-12-at-17.38.56&#8243; align=&#8221;center&#8221; align_tablet=&#8221;center&#8221; align_phone=&#8221;&#8221; align_last_edited=&#8221;on|desktop&#8221; _builder_version=&#8221;4.21.0&#8243; width=&#8221;70%&#8221; global_colors_info=&#8221;{}&#8221;][\/et_pb_image][et_pb_team_member name=&#8221;Jan Miko\u0142ajek&#8221; _builder_version=&#8221;4.21.0&#8243; header_font=&#8221;Poppins|700||on|||||&#8221; header_text_align=&#8221;center&#8221; header_text_color=&#8221;#edbb5f&#8221; header_font_size=&#8221;25px&#8221; header_letter_spacing=&#8221;1px&#8221; body_font=&#8221;Poppins||||||||&#8221; body_text_align=&#8221;center&#8221; body_text_color=&#8221;#2f2f2f&#8221; body_font_size=&#8221;16px&#8221; body_line_height=&#8221;1em&#8221; text_orientation=&#8221;left&#8221; background_layout=&#8221;dark&#8221; custom_margin=&#8221;40px|||&#8221; icon_hover_color=&#8221;#edbb5f&#8221; global_colors_info=&#8221;{}&#8221; icon_color__hover=&#8221;#edbb5f&#8221; icon_color__hover_enabled=&#8221;on&#8221;]<\/p>\n<p>Adwokat<\/p>\n<p>[\/et_pb_team_member][\/et_pb_column][et_pb_column type=&#8221;1_2&#8243; _builder_version=&#8221;4.16&#8243; custom_padding=&#8221;|||&#8221; global_colors_info=&#8221;{}&#8221; custom_padding__hover=&#8221;|||&#8221;][et_pb_image src=&#8221;http:\/\/www.calvis.pl\/blog\/wp-content\/uploads\/2023\/08\/5-scaled.jpg&#8221; align=&#8221;center&#8221; align_tablet=&#8221;center&#8221; align_phone=&#8221;&#8221; align_last_edited=&#8221;on|desktop&#8221; _builder_version=&#8221;4.21.0&#8243; width=&#8221;70%&#8221; global_colors_info=&#8221;{}&#8221;][\/et_pb_image][et_pb_team_member name=&#8221;Damian Synowiec&#8221; _builder_version=&#8221;4.21.0&#8243; header_font=&#8221;Poppins|700||on|||||&#8221; header_text_align=&#8221;center&#8221; header_text_color=&#8221;#edbb5f&#8221; header_font_size=&#8221;25px&#8221; header_letter_spacing=&#8221;1px&#8221; body_font=&#8221;Poppins||||||||&#8221; body_text_align=&#8221;center&#8221; body_text_color=&#8221;#2f2f2f&#8221; body_font_size=&#8221;16px&#8221; body_line_height=&#8221;1em&#8221; text_orientation=&#8221;left&#8221; background_layout=&#8221;dark&#8221; custom_margin=&#8221;40px|||&#8221; icon_hover_color=&#8221;#edbb5f&#8221; global_colors_info=&#8221;{}&#8221; icon_color__hover=&#8221;#edbb5f&#8221; icon_color__hover_enabled=&#8221;on&#8221;]<\/p>\n<p>Adwokat<\/p>\n<p>[\/et_pb_team_member][\/et_pb_column][\/et_pb_row][\/et_pb_section][et_pb_section fb_built=&#8221;1&#8243; _builder_version=&#8221;4.21.0&#8243; _module_preset=&#8221;default&#8221; background_color=&#8221;#171717&#8243; global_colors_info=&#8221;{}&#8221;][et_pb_row column_structure=&#8221;1_4,1_4,1_4,1_4&#8243; use_custom_gutter=&#8221;on&#8221; gutter_width=&#8221;1&#8243; _builder_version=&#8221;4.21.0&#8243; _module_preset=&#8221;default&#8221; width=&#8221;90%&#8221; max_width=&#8221;2560px&#8221; global_colors_info=&#8221;{}&#8221;][et_pb_column type=&#8221;1_4&#8243; _builder_version=&#8221;4.21.0&#8243; _module_preset=&#8221;default&#8221; global_colors_info=&#8221;{}&#8221;][et_pb_text _builder_version=&#8221;4.21.0&#8243; text_font=&#8221;Poppins|300|||||||&#8221; text_text_color=&#8221;#FFFFFF&#8221; text_letter_spacing=&#8221;1px&#8221; text_line_height=&#8221;2em&#8221; max_width=&#8221;550px&#8221; locked=&#8221;off&#8221; global_colors_info=&#8221;{}&#8221;]<\/p>\n<div><span style=\"color: #ffffff;\"><a href=\"http:\/\/www.calvis.pl\/blog\/#start\" style=\"color: #ffffff;\">Do g\u00f3ry<\/a><\/span><\/div>\n<div><\/div>\n<div><\/div>\n<div><\/div>\n<div><span style=\"color: #ffffff;\"><a href=\"http:\/\/www.calvis.pl\/blog\/#anchor-2\" style=\"color: #ffffff;\">Jak dzia\u0142amy<\/a><\/span><\/div>\n<div><span style=\"color: #ffffff;\"><a href=\"http:\/\/www.calvis.pl\/blog\/baza-wiedzy\/\" style=\"color: #ffffff;\">Baza wiedzy<\/a><\/span><\/div>\n<div><\/div>\n<div><\/div>\n<div><span style=\"color: #ffffff;\"><a href=\"http:\/\/www.calvis.pl\/blog\/nasz-zespol\/\" style=\"color: #ffffff;\">Nasz zesp\u00f3\u0142<\/a><\/span><\/div>\n<div><span style=\"color: #ffffff;\"><a href=\"http:\/\/www.calvis.pl\/blog\/#anchor-3\" style=\"color: #ffffff;\">Kontakt<\/a><\/span><\/div>\n<div><\/div>\n<div><\/div>\n<div><\/div>\n<p>[\/et_pb_text][\/et_pb_column][et_pb_column type=&#8221;1_4&#8243; _builder_version=&#8221;4.21.0&#8243; _module_preset=&#8221;default&#8221; global_colors_info=&#8221;{}&#8221;][et_pb_text _builder_version=&#8221;4.21.0&#8243; text_font=&#8221;Poppins|300|||||||&#8221; text_text_color=&#8221;#FFFFFF&#8221; text_letter_spacing=&#8221;1px&#8221; text_line_height=&#8221;2em&#8221; max_width=&#8221;550px&#8221; locked=&#8221;off&#8221; global_colors_info=&#8221;{}&#8221;]<\/p>\n<div><span style=\"font-size: 14px;\">Franki Kancelaria Sp\u00f3\u0142ka z o.o.\u00a0<\/span><\/div>\n<div>ul. Izaaka 7, 31-057 Krak\u00f3w<\/div>\n<div><\/div>\n<div><\/div>\n<div><span>789 273 664\u00a0<\/span><\/div>\n<div><span style=\"color: #ffffff;\"><a href=\"mailto:kontakt@frankikancelaria.pl\" target=\"_blank\" rel=\"noopener\" style=\"color: #ffffff;\">kontakt@frankikancelaria.pl<\/a>\u00a0<\/span><\/div>\n<p>[\/et_pb_text][\/et_pb_column][et_pb_column type=&#8221;1_4&#8243; _builder_version=&#8221;4.21.0&#8243; _module_preset=&#8221;default&#8221; global_colors_info=&#8221;{}&#8221;][et_pb_text _builder_version=&#8221;4.21.0&#8243; text_font=&#8221;Poppins|300|||||||&#8221; text_text_color=&#8221;#FFFFFF&#8221; text_letter_spacing=&#8221;1px&#8221; text_line_height=&#8221;2em&#8221; max_width=&#8221;550px&#8221; locked=&#8221;off&#8221; global_colors_info=&#8221;{}&#8221;]<\/p>\n<div>NIP: 6762636076<\/div>\n<div><\/div>\n<div><\/div>\n<div>REGON: 524434862<\/div>\n<div>KRS: 0001018311<\/div>\n<p>[\/et_pb_text][\/et_pb_column][et_pb_column type=&#8221;1_4&#8243; _builder_version=&#8221;4.21.0&#8243; _module_preset=&#8221;default&#8221; global_colors_info=&#8221;{}&#8221;][et_pb_image src=&#8221;http:\/\/www.calvis.pl\/blog\/wp-content\/uploads\/2023\/06\/Franki-Kancelaria-logo-kolor.png&#8221; _builder_version=&#8221;4.21.0&#8243; _module_preset=&#8221;default&#8221; global_colors_info=&#8221;{}&#8221;][\/et_pb_image][\/et_pb_column][\/et_pb_row][\/et_pb_section]<\/p>\n","protected":false},"excerpt":{"rendered":"<p>&nbsp; Twoj\u0105 spraw\u0105 zajm\u0105 si\u0119 wy\u0142\u0105cznie praktycy, kt\u00f3rzy ka\u017cdego dnia wygrywaj\u0105 z bankami! Specjali\u015bci obs\u0142ugi klientaSpecjalista ds. obs\u0142ugi klienta Prawnik Aplikant adwokackiSpecjalista ds. obs\u0142ugi klienta PrawnikStarszy doradca finansowy &nbsp;Starszy doradca finansowy &nbsp; Nadz\u00f3r merytorycznyAdwokatAdwokatDo g\u00f3ry Jak dzia\u0142amy Baza wiedzy Nasz zesp\u00f3\u0142 Kontakt Franki Kancelaria Sp\u00f3\u0142ka z o.o.\u00a0 ul. Izaaka 7, 31-057 Krak\u00f3w 789 273 664\u00a0 [&hellip;]<\/p>\n","protected":false},"author":1,"featured_media":0,"parent":0,"menu_order":0,"comment_status":"closed","ping_status":"closed","template":"","meta":{"_et_pb_use_builder":"on","_et_pb_old_content":"","_et_gb_content_width":"","footnotes":""},"class_list":["post-60","page","type-page","status-publish","hentry"],"_links":{"self":[{"href":"https:\/\/www.calvis.pl\/blog\/wp-json\/wp\/v2\/pages\/60"}],"collection":[{"href":"https:\/\/www.calvis.pl\/blog\/wp-json\/wp\/v2\/pages"}],"about":[{"href":"https:\/\/www.calvis.pl\/blog\/wp-json\/wp\/v2\/types\/page"}],"author":[{"embeddable":true,"href":"https:\/\/www.calvis.pl\/blog\/wp-json\/wp\/v2\/users\/1"}],"replies":[{"embeddable":true,"href":"https:\/\/www.calvis.pl\/blog\/wp-json\/wp\/v2\/comments?post=60"}],"version-history":[{"count":0,"href":"https:\/\/www.calvis.pl\/blog\/wp-json\/wp\/v2\/pages\/60\/revisions"}],"wp:attachment":[{"href":"https:\/\/www.calvis.pl\/blog\/wp-json\/wp\/v2\/media?parent=60"}],"curies":[{"name":"wp","href":"https:\/\/api.w.org\/{rel}","templated":true}]}}