{"id":70,"date":"2023-05-09T16:51:04","date_gmt":"2023-05-09T16:51:04","guid":{"rendered":"http:\/\/www.calvis.pl\/blog\/?page_id=70"},"modified":"2023-08-11T11:49:26","modified_gmt":"2023-08-11T11:49:26","slug":"baza-wiedzy","status":"publish","type":"page","link":"https:\/\/www.calvis.pl\/blog\/baza-wiedzy\/","title":{"rendered":"Baza wiedzy"},"content":{"rendered":"<p>[et_pb_section fb_built=&#8221;1&#8243; fullwidth=&#8221;on&#8221; admin_label=&#8221;Hero Section&#8221; _builder_version=&#8221;4.16&#8243; global_colors_info=&#8221;{}&#8221;][et_pb_fullwidth_header title=&#8221;b\u0105d\u017a na bie\u017c\u0105co&#8221; subhead=&#8221;baza wiedzy&#8221; background_overlay_color=&#8221;rgba(0,0,0,0.8)&#8221; content_max_width=&#8221;550px&#8221; _builder_version=&#8221;4.21.0&#8243; title_font=&#8221;Poppins|700||on|||||&#8221; title_text_color=&#8221;#edbb5f&#8221; title_font_size=&#8221;14px&#8221; title_letter_spacing=&#8221;2px&#8221; title_line_height=&#8221;1.4em&#8221; content_font=&#8221;Poppins||||||||&#8221; content_font_size=&#8221;16px&#8221; content_letter_spacing=&#8221;1px&#8221; content_line_height=&#8221;2em&#8221; subhead_font=&#8221;Playfair Display|700||on|||||&#8221; subhead_font_size=&#8221;48px&#8221; subhead_letter_spacing=&#8221;3px&#8221; subhead_line_height=&#8221;1.4em&#8221; background_color=&#8221;rgba(255, 255, 255, 0)&#8221; background_image=&#8221;http:\/\/www.calvis.pl\/blog\/wp-content\/uploads\/2023\/05\/consultant-08.jpg&#8221; parallax=&#8221;on&#8221; parallax_method=&#8221;on&#8221; custom_button_one=&#8221;on&#8221; button_one_border_width=&#8221;1px&#8221; button_one_border_color=&#8221;rgba(255,255,255,0.3)&#8221; button_one_border_radius=&#8221;0px&#8221; button_one_letter_spacing=&#8221;1px&#8221; button_one_font=&#8221;Saira Extra Condensed|600||on|||||&#8221; button_one_icon=&#8221;&#x24;||divi||400&#8243; button_one_icon_color=&#8221;#edbb5f&#8221; custom_button_two=&#8221;on&#8221; button_two_border_width=&#8221;1px&#8221; button_two_border_color=&#8221;rgba(255,255,255,0.3)&#8221; button_two_border_radius=&#8221;0px&#8221; button_two_letter_spacing=&#8221;1px&#8221; button_two_font=&#8221;Saira Extra Condensed|600||on|||||&#8221; button_two_icon=&#8221;&#x24;||divi||400&#8243; button_two_icon_color=&#8221;#edbb5f&#8221; module_alignment=&#8221;right&#8221; custom_margin=&#8221;|||&#8221; custom_padding=&#8221;8%||100px|||&#8221; button_one_text_color_hover=&#8221;#edbb5f&#8221; button_two_text_color_hover=&#8221;#edbb5f&#8221; button_one_bg_color_hover=&#8221;rgba(0,0,0,0)&#8221; button_two_bg_color_hover=&#8221;rgba(0,0,0,0)&#8221; global_colors_info=&#8221;{}&#8221; button_one_text_size__hover_enabled=&#8221;off&#8221; button_two_text_size__hover_enabled=&#8221;off&#8221; button_one_text_color__hover_enabled=&#8221;on&#8221; button_one_text_color__hover=&#8221;#edbb5f&#8221; button_two_text_color__hover_enabled=&#8221;on&#8221; button_two_text_color__hover=&#8221;#edbb5f&#8221; button_one_border_width__hover_enabled=&#8221;off&#8221; button_two_border_width__hover_enabled=&#8221;off&#8221; button_one_border_color__hover_enabled=&#8221;off&#8221; button_two_border_color__hover_enabled=&#8221;off&#8221; button_one_border_radius__hover_enabled=&#8221;off&#8221; button_two_border_radius__hover_enabled=&#8221;off&#8221; button_one_letter_spacing__hover_enabled=&#8221;off&#8221; button_two_letter_spacing__hover_enabled=&#8221;off&#8221; button_one_bg_color__hover_enabled=&#8221;on&#8221; button_one_bg_color__hover=&#8221;rgba(0,0,0,0)&#8221; button_two_bg_color__hover_enabled=&#8221;on&#8221; button_two_bg_color__hover=&#8221;rgba(0,0,0,0)&#8221;]<\/p>\n<p>&nbsp;<\/p>\n<p>Zobacz aktualne orzeczenia oraz nasze komentarze.<\/p>\n<p>[\/et_pb_fullwidth_header][\/et_pb_section][et_pb_section fb_built=&#8221;1&#8243; admin_label=&#8221;Blog&#8221; _builder_version=&#8221;4.16&#8243; custom_padding=&#8221;100px|0px|100px|0px&#8221; global_colors_info=&#8221;{}&#8221;][et_pb_row column_structure=&#8221;1_3,1_3,1_3&#8243; _builder_version=&#8221;4.20.4&#8243; _module_preset=&#8221;default&#8221; global_colors_info=&#8221;{}&#8221;][et_pb_column type=&#8221;1_3&#8243; _builder_version=&#8221;4.20.4&#8243; _module_preset=&#8221;default&#8221; global_colors_info=&#8221;{}&#8221;][et_pb_blurb title=&#8221;Kredyty frankowe w Polsce: Aktualny stan spor\u00f3w, charakter roszcze\u0144 i<br \/>\nznaczenie orzecznictwa.&#8221; url=&#8221;http:\/\/www.calvis.pl\/blog\/baza-wiedzy\/aktualny-stan-sporow\/&#8221; image=&#8221;http:\/\/www.calvis.pl\/blog\/wp-content\/uploads\/2023\/08\/1-1.jpg&#8221; _builder_version=&#8221;4.21.0&#8243; _module_preset=&#8221;default&#8221; header_text_color=&#8221;#000000&#8243; header_line_height=&#8221;1.2em&#8221; global_colors_info=&#8221;{}&#8221;]<\/p>\n<p style=\"text-align: justify;\">Temat kredyt\u00f3w frankowych nadal pozostaje jednym z najwa\u017cniejszych i najbardziej kontrowersyjnych zagadnie\u0144 finansowych, za\u015b wielu kredytobiorc\u00f3w do chwili obecnej odczuwa jego skutki. Ich popularno\u015b\u0107 w Polsce przypada\u0142a na lata 2000 \u2013 2010. Tym, co przekona\u0142o wielu Polak\u00f3w do ich zaci\u0105gni\u0119cia, niew\u0105tpliwie by\u0142y natomiast korzystne warunki finansowe&#8230;<\/p>\n<p>[\/et_pb_blurb][\/et_pb_column][et_pb_column type=&#8221;1_3&#8243; _builder_version=&#8221;4.20.4&#8243; _module_preset=&#8221;default&#8221; global_colors_info=&#8221;{}&#8221;][et_pb_blurb title=&#8221;Przes\u0142anki niewa\u017cno\u015bci umowy kredytu frankowego (Cz\u0119\u015b\u0107 1.)&#8221; url=&#8221;http:\/\/www.calvis.pl\/blog\/baza-wiedzy\/linia-obrony-bankow-1\/&#8221; image=&#8221;http:\/\/www.calvis.pl\/blog\/wp-content\/uploads\/2023\/08\/2-1.jpg&#8221; _builder_version=&#8221;4.21.0&#8243; _module_preset=&#8221;default&#8221; header_text_color=&#8221;#000000&#8243; header_line_height=&#8221;1.2em&#8221; global_colors_info=&#8221;{}&#8221;]<\/p>\n<p style=\"text-align: justify;\">S\u0105dy powszechne masowo ustalaj\u0105 niewa\u017cno\u015b\u0107 um\u00f3w kredyt\u00f3w waloryzowanych kursem waluty CHF, w zwi\u0105zku z czym mo\u017ce si\u0119 wydawa\u0107, i\u017c w stosunku do tzw. spraw frankowych nie wyst\u0119puj\u0105 ju\u017c istotne rozbie\u017cno\u015bci w linii orzeczniczej, za\u015b wszelkie kluczowe z punktu widzenia tych spraw kwestie zosta\u0142y ju\u017c rozstrzygni\u0119te. Niemniej jednak, na ich gruncie nadal wyst\u0119puj\u0105 zas\u0142uguj\u0105ce na szczeg\u00f3ln\u0105&#8230;<\/p>\n<p>[\/et_pb_blurb][\/et_pb_column][et_pb_column type=&#8221;1_3&#8243; _builder_version=&#8221;4.20.4&#8243; _module_preset=&#8221;default&#8221; global_colors_info=&#8221;{}&#8221;][et_pb_blurb title=&#8221;Przes\u0142anki niewa\u017cno\u015bci umowy kredytu frankowego (Cz\u0119\u015b\u0107 2.)&#8221; url=&#8221;http:\/\/www.calvis.pl\/blog\/baza-wiedzy\/linia-obrony-bankow-2&#8243; image=&#8221;http:\/\/www.calvis.pl\/blog\/wp-content\/uploads\/2023\/08\/3-1.jpg&#8221; _builder_version=&#8221;4.21.0&#8243; _module_preset=&#8221;default&#8221; header_text_color=&#8221;#000000&#8243; header_line_height=&#8221;1.2em&#8221; global_colors_info=&#8221;{}&#8221;]<\/p>\n<p style=\"text-align: justify;\">W pierwszej cz\u0119\u015bci artyku\u0142u om\u00f3wione zosta\u0142y przyczyny niewa\u017cno\u015bci um\u00f3w frankowych, kt\u00f3rych zasadno\u015b\u0107 pozostaje w orzecznictwie poza wszelkim sporem. Warto jednak wspomnie\u0107, i\u017c w praktyce spotka\u0107 mo\u017cna si\u0119 z wieloma innymi zarzutami wzgl\u0119dem wa\u017cno\u015bci tych um\u00f3w, takimi jak oparty na tre\u015bci art. 384 k.c. zarzut braku zwi\u0105zania w zakresie tabel kursowych obowi\u0105zuj\u0105cych w banku ze&#8230;<\/p>\n<p>[\/et_pb_blurb][\/et_pb_column][\/et_pb_row][et_pb_row column_structure=&#8221;1_3,1_3,1_3&#8243; _builder_version=&#8221;4.20.4&#8243; _module_preset=&#8221;default&#8221; global_colors_info=&#8221;{}&#8221;][et_pb_column type=&#8221;1_3&#8243; _builder_version=&#8221;4.20.4&#8243; _module_preset=&#8221;default&#8221; global_colors_info=&#8221;{}&#8221;][et_pb_blurb title=&#8221;Przes\u0142anki abuzywno\u015bci klauzul indeksacyjnych&#8221; url=&#8221;http:\/\/www.calvis.pl\/blog\/baza-wiedzy\/przeslanki-abuzywnosci-klauzul-indeksacyjnych\/&#8221; image=&#8221;http:\/\/www.calvis.pl\/blog\/wp-content\/uploads\/2023\/08\/4.jpg&#8221; _builder_version=&#8221;4.21.0&#8243; _module_preset=&#8221;default&#8221; header_text_color=&#8221;#000000&#8243; header_line_height=&#8221;1.2em&#8221; global_colors_info=&#8221;{}&#8221;]<\/p>\n<p style=\"text-align: justify;\">Ustalenie niewa\u017cno\u015bci umowy kredyt\u00f3w frankowych uzale\u017cnione jest od zaistnienia przes\u0142anek, kt\u00f3re zosta\u0142y pokr\u00f3tce om\u00f3wione w poprzednich artyku\u0142ach z cyklu. Niemniej jednak nie mo\u017cna pomija\u0107, i\u017c uregulowania dotycz\u0105ce niedozwolonych postanowie\u0144 umownych, zawarte w przepisach art. 385 1 \u2013 385 3 k.c. przewiduj\u0105 odr\u0119bne przes\u0142anki, od kt\u00f3rych \u0142\u0105cznego spe\u0142nienia uzale\u017cniona jest mo\u017cliwo\u015b\u0107&#8230;<\/p>\n<p>[\/et_pb_blurb][\/et_pb_column][et_pb_column type=&#8221;1_3&#8243; _builder_version=&#8221;4.20.4&#8243; _module_preset=&#8221;default&#8221; global_colors_info=&#8221;{}&#8221;][et_pb_blurb title=&#8221;Interes prawny w \u017c\u0105daniu ustalenia niewa\u017cno\u015bci umowy kredytu<br \/>\nfrankowego&#8221; url=&#8221;http:\/\/www.calvis.pl\/blog\/baza-wiedzy\/interes-prawny\/&#8221; image=&#8221;http:\/\/www.calvis.pl\/blog\/wp-content\/uploads\/2023\/08\/5-1.jpg&#8221; _builder_version=&#8221;4.21.0&#8243; _module_preset=&#8221;default&#8221; header_text_color=&#8221;#000000&#8243; header_line_height=&#8221;1.2em&#8221; global_colors_info=&#8221;{}&#8221;]<\/p>\n<p style=\"text-align: justify;\">\u017b\u0105danie ustalenia niewa\u017cno\u015bci umowy kredytu frankowego znajduje podstaw\u0119 w tre\u015bci art. 189 k.p.c., zgodnie z kt\u00f3rym pow\u00f3d mo\u017ce \u017c\u0105da\u0107 ustalenia przez s\u0105d istnienia lub nieistnienia stosunku prawnego lub prawa, gdy ma w tym interes prawny. Tym samym, w \u015bwietle przywo\u0142anego przepisu, interesowi prawnemu przypisa\u0107 nale\u017cy kluczowe znaczenie, bowiem&#8230;<\/p>\n<p>[\/et_pb_blurb][\/et_pb_column][et_pb_column type=&#8221;1_3&#8243; _builder_version=&#8221;4.20.4&#8243; _module_preset=&#8221;default&#8221; global_colors_info=&#8221;{}&#8221;][et_pb_blurb title=&#8221;\u017b\u0105danie zwrotu nienale\u017cnie pobranych \u015bwiadcze\u0144&#8221; url=&#8221;http:\/\/www.calvis.pl\/blog\/baza-wiedzy\/zadanie-zwrotu-nienaleznie-pobranych-swiadczen\/&#8221; image=&#8221;http:\/\/www.calvis.pl\/blog\/wp-content\/uploads\/2023\/08\/6.jpg&#8221; _builder_version=&#8221;4.21.0&#8243; _module_preset=&#8221;default&#8221; header_text_color=&#8221;#000000&#8243; header_line_height=&#8221;1.2em&#8221; global_colors_info=&#8221;{}&#8221;]<\/p>\n<p style=\"text-align: justify;\">W zwi\u0105zku z uznaniem, \u017ce klauzule indeksacyjne okre\u015blaj\u0105 g\u0142\u00f3wne \u015bwiadczenia stron, ich usuni\u0119cie powodowa\u0142oby brak okre\u015blenia w umowach kredyt\u00f3w frankowych ich element\u00f3w koniecznych, bowiem bez nich nie by\u0142oby mo\u017cliwe obliczenie sumy, jak\u0105 kredytobiorca zobowi\u0105zany jest zwr\u00f3ci\u0107 z tytu\u0142u kredytu. Konwersja umowy, a zw\u0142aszcza wprowadzenie w miejsce kursu kupna i sprzeda\u017cy CHF innego&#8230;<\/p>\n<p>[\/et_pb_blurb][\/et_pb_column][\/et_pb_row][et_pb_row column_structure=&#8221;1_3,1_3,1_3&#8243; _builder_version=&#8221;4.20.4&#8243; _module_preset=&#8221;default&#8221; global_colors_info=&#8221;{}&#8221;][et_pb_column type=&#8221;1_3&#8243; _builder_version=&#8221;4.20.4&#8243; _module_preset=&#8221;default&#8221; global_colors_info=&#8221;{}&#8221;][et_pb_blurb title=&#8221;Legitymacja procesowa czynna w sprawach frankowych&#8221; url=&#8221;http:\/\/www.calvis.pl\/blog\/baza-wiedzy\/legitymacja-procesowa-czynna-w-sprawach-frankowych\/&#8221; image=&#8221;http:\/\/www.calvis.pl\/blog\/wp-content\/uploads\/2023\/08\/7.jpg&#8221; _builder_version=&#8221;4.21.0&#8243; _module_preset=&#8221;default&#8221; header_text_color=&#8221;#000000&#8243; header_line_height=&#8221;1.2em&#8221; global_colors_info=&#8221;{}&#8221;]<\/p>\n<p style=\"text-align: justify;\">Legitymacja procesowa czynna jest \u015bci\u015ble zwi\u0105zana ze stron\u0105 powodow\u0105 i stanowi jej uprawnienie do wyst\u0105pienia z konkretnym roszczeniem przeciwko innemu oznaczonemu podmiotowi. Jej brak po stronie powodowej co do zasady skutkuje natomiast oddaleniem pow\u00f3dztwa. W przypadku roszczenia o zwrot \u015bwiadczenia nienale\u017cnego legitymacja procesowa czynna zale\u017cy przy tym od tego, komu&#8230;<\/p>\n<p>[\/et_pb_blurb][\/et_pb_column][et_pb_column type=&#8221;1_3&#8243; _builder_version=&#8221;4.20.4&#8243; _module_preset=&#8221;default&#8221; global_colors_info=&#8221;{}&#8221;][et_pb_blurb title=&#8221;Zabezpieczenie roszczenia o ustalenie niewa\u017cno\u015bci umowy kredytu<br \/>\nfrankowego&#8221; url=&#8221;http:\/\/www.calvis.pl\/blog\/baza-wiedzy\/zabezpieczenie-roszczenia\/&#8221; image=&#8221;http:\/\/www.calvis.pl\/blog\/wp-content\/uploads\/2023\/08\/8.jpg&#8221; _builder_version=&#8221;4.21.0&#8243; _module_preset=&#8221;default&#8221; header_text_color=&#8221;#000000&#8243; header_line_height=&#8221;1.2em&#8221; hover_enabled=&#8221;0&#8243; global_colors_info=&#8221;{}&#8221; sticky_enabled=&#8221;0&#8243;]<\/p>\n<p style=\"text-align: justify;\">Z uwagi na znaczn\u0105 ilo\u015b\u0107 pozw\u00f3w, kt\u00f3re sukcesywnie sp\u0142ywa\u0142y i nadal sp\u0142ywaj\u0105 do s\u0105d\u00f3w, oczekiwanie na rozpoznanie sprawy frankowej bywa wyd\u0142u\u017cone. Dlatego te\u017c, ju\u017c na etapie wnoszenia pozwu warto zadba\u0107 o uregulowanie stosunk\u00f3w pomi\u0119dzy stronami umowy kredytu na czas trwania post\u0119powania w drodze instytucji zabezpieczenia roszczenia (art. 730&#8230;<\/p>\n<p>[\/et_pb_blurb][\/et_pb_column][et_pb_column type=&#8221;1_3&#8243; _builder_version=&#8221;4.20.4&#8243; _module_preset=&#8221;default&#8221; global_colors_info=&#8221;{}&#8221;][et_pb_blurb title=&#8221;Linia obrony bank\u00f3w w sprawach frankowych (Cz\u0119\u015b\u0107 1.)&#8221; url=&#8221;http:\/\/www.calvis.pl\/blog\/baza-wiedzy\/przeslanki-niewaznosci-umowy-1\/&#8221; image=&#8221;http:\/\/www.calvis.pl\/blog\/wp-content\/uploads\/2023\/08\/9.jpg&#8221; _builder_version=&#8221;4.21.0&#8243; _module_preset=&#8221;default&#8221; header_text_color=&#8221;#000000&#8243; header_line_height=&#8221;1.2em&#8221; hover_enabled=&#8221;0&#8243; global_colors_info=&#8221;{}&#8221; sticky_enabled=&#8221;0&#8243;]<\/p>\n<p style=\"text-align: justify;\">W du\u017cym skr\u00f3cie, g\u0142\u00f3wna linia obrony bank\u00f3w w sprawach dotycz\u0105cych um\u00f3w kredyt\u00f3w waloryzowanych kursem waluty CHF sprowadza si\u0119 do twierdzenia, i\u017c umowy takie by\u0142y zawierane zgodnie z prawem, a klauzule indeksacyjne by\u0142y jasne i zrozumia\u0142e dla klient\u00f3w, kt\u00f3rzy byli \u015bwiadomi ryzyka zwi\u0105zanego z kredytem indeksowanym do waluty obcej i podj\u0119li \u015bwiadom\u0105 decyzj\u0119 o zaci\u0105gni\u0119ciu&#8230;<\/p>\n<p>[\/et_pb_blurb][\/et_pb_column][\/et_pb_row][et_pb_row column_structure=&#8221;1_3,1_3,1_3&#8243; _builder_version=&#8221;4.20.4&#8243; _module_preset=&#8221;default&#8221; global_colors_info=&#8221;{}&#8221;][et_pb_column type=&#8221;1_3&#8243; _builder_version=&#8221;4.20.4&#8243; _module_preset=&#8221;default&#8221; global_colors_info=&#8221;{}&#8221;][et_pb_blurb title=&#8221;Linia obrony bank\u00f3w w sprawach frankowych (Cz\u0119\u015b\u0107 2.)&#8221; url=&#8221;http:\/\/www.calvis.pl\/blog\/baza-wiedzy\/przeslanki-niewaznosci-umowy-2\/&#8221; image=&#8221;http:\/\/www.calvis.pl\/blog\/wp-content\/uploads\/2023\/08\/10.jpg&#8221; _builder_version=&#8221;4.21.0&#8243; _module_preset=&#8221;default&#8221; header_text_color=&#8221;#000000&#8243; header_line_height=&#8221;1.2em&#8221; hover_enabled=&#8221;0&#8243; global_colors_info=&#8221;{}&#8221; sticky_enabled=&#8221;0&#8243;]<\/p>\n<p style=\"text-align: justify;\">Broni\u0105c si\u0119 przed roszczeniami kredytobiorc\u00f3w o zwrot nienale\u017cnie pobranych na podstawie niewa\u017cnych um\u00f3w frankowych \u015bwiadcze\u0144, cz\u0119\u015b\u0107 bank\u00f3w podnosi ponadto zarzuty potr\u0105cenia i zatrzymania. Z przyczyn, kt\u00f3re zostan\u0105 wskazane poni\u017cej, taka linia obrony bank\u00f3w co do zasady nie spotyka si\u0119 z aprobat\u0105 s\u0105d\u00f3w powszechnych, jednak nadal wyst\u0119puje niewielki odsetek spraw, w kt\u00f3rych dochodzi do ich uwzgl\u0119dnienia&#8230;<\/p>\n<p>[\/et_pb_blurb][\/et_pb_column][et_pb_column type=&#8221;1_3&#8243; _builder_version=&#8221;4.20.4&#8243; _module_preset=&#8221;default&#8221; global_colors_info=&#8221;{}&#8221;][et_pb_blurb title=&#8221;Specyfika um\u00f3w frankowych zawieranych z GE Money Bank s.a. z siedzib\u0105 w Gda\u0144sku&#8221; url=&#8221;http:\/\/www.calvis.pl\/blog\/baza-wiedzy\/specyfika-umow-z-ge-money-bank-sa\/&#8221; image=&#8221;http:\/\/www.calvis.pl\/blog\/wp-content\/uploads\/2023\/08\/11.jpg&#8221; _builder_version=&#8221;4.21.0&#8243; _module_preset=&#8221;default&#8221; header_text_color=&#8221;#000000&#8243; header_line_height=&#8221;1.2em&#8221; hover_enabled=&#8221;0&#8243; global_colors_info=&#8221;{}&#8221; sticky_enabled=&#8221;0&#8243;]<\/p>\n<p style=\"text-align: justify;\">Podstaw\u0119 wszystkich spraw frankowych stanowi twierdzenie, i\u017c zawarte w umowach kredyt\u00f3w waloryzowanych kursem waluty CHF klauzule indeksacyjne, kreuj\u0105ce \u015bwiadczenia kredytobiorc\u00f3w, odwo\u0142uj\u0105 si\u0119 do tabel kursowych sporz\u0105dzanych samodzielnie przez banki, kt\u00f3re nie opieraj\u0105 si\u0119 na \u017cadnych obiektywnych kryteriach i nie daj\u0105 mo\u017cliwo\u015bci&#8230;<\/p>\n<p>[\/et_pb_blurb][\/et_pb_column][et_pb_column type=&#8221;1_3&#8243; _builder_version=&#8221;4.20.4&#8243; _module_preset=&#8221;default&#8221; global_colors_info=&#8221;{}&#8221;][et_pb_blurb title=&#8221;Znaczenie wyroku Trybuna\u0142u Sprawiedliwo\u015bci Unii Europejskiej z dnia 15. czerwca 2023 roku&#8221; url=&#8221;http:\/\/www.calvis.pl\/blog\/baza-wiedzy\/znaczenie-wyroku-trybunalu-z-15-czerwca-2023\/&#8221; image=&#8221;http:\/\/www.calvis.pl\/blog\/wp-content\/uploads\/2023\/08\/12.jpg&#8221; _builder_version=&#8221;4.21.0&#8243; _module_preset=&#8221;default&#8221; header_text_color=&#8221;#000000&#8243; header_line_height=&#8221;1.2em&#8221; hover_enabled=&#8221;0&#8243; global_colors_info=&#8221;{}&#8221; sticky_enabled=&#8221;0&#8243;]<\/p>\n<p style=\"text-align: justify;\">W wydanym w dniu 15 czerwca 2023 roku wyroku w sprawie o sygn. akt C \u2013 520\/21 Trybuna\u0142 Sprawiedliwo\u015bci Unii Europejskiej udzieli\u0142 odpowiedzi na pytania prejudycjalne zadane przez S\u0105d Rejonowy dla Warszawy \u2013 \u015ar\u00f3dmie\u015bcia w Warszawie, prowadz\u0105cy spraw\u0119 o sygn. akt I C 1297\/21. S\u0105d ten zapyta\u0142 Trybuna\u0142 o to, czy w przypadku uznania umowy kredytu za&#8230;<\/p>\n<p>[\/et_pb_blurb][\/et_pb_column][\/et_pb_row][\/et_pb_section][et_pb_section fb_built=&#8221;1&#8243; _builder_version=&#8221;4.21.0&#8243; _module_preset=&#8221;default&#8221; background_color=&#8221;#171717&#8243; global_colors_info=&#8221;{}&#8221;][et_pb_row column_structure=&#8221;1_4,1_4,1_4,1_4&#8243; use_custom_gutter=&#8221;on&#8221; gutter_width=&#8221;1&#8243; _builder_version=&#8221;4.21.0&#8243; _module_preset=&#8221;default&#8221; width=&#8221;90%&#8221; max_width=&#8221;2560px&#8221; global_colors_info=&#8221;{}&#8221;][et_pb_column type=&#8221;1_4&#8243; _builder_version=&#8221;4.21.0&#8243; _module_preset=&#8221;default&#8221; global_colors_info=&#8221;{}&#8221;][et_pb_text _builder_version=&#8221;4.21.0&#8243; text_font=&#8221;Poppins|300|||||||&#8221; text_text_color=&#8221;#FFFFFF&#8221; text_letter_spacing=&#8221;1px&#8221; text_line_height=&#8221;2em&#8221; max_width=&#8221;550px&#8221; locked=&#8221;off&#8221; global_colors_info=&#8221;{}&#8221;]<\/p>\n<div><span style=\"color: #ffffff;\"><a href=\"http:\/\/www.calvis.pl\/blog\/#start\" style=\"color: #ffffff;\">Do g\u00f3ry<\/a><\/span><\/div>\n<div><\/div>\n<div><\/div>\n<div><\/div>\n<div><span style=\"color: #ffffff;\"><a href=\"http:\/\/www.calvis.pl\/blog\/#anchor-2\" style=\"color: #ffffff;\">Jak dzia\u0142amy<\/a><\/span><\/div>\n<div><span style=\"color: #ffffff;\"><a href=\"http:\/\/www.calvis.pl\/blog\/baza-wiedzy\/\" style=\"color: #ffffff;\">Baza wiedzy<\/a><\/span><\/div>\n<div><\/div>\n<div><\/div>\n<div><span style=\"color: #ffffff;\"><a href=\"http:\/\/www.calvis.pl\/blog\/nasz-zespol\/\" style=\"color: #ffffff;\">Nasz zesp\u00f3\u0142<\/a><\/span><\/div>\n<div><span style=\"color: #ffffff;\"><a href=\"http:\/\/www.calvis.pl\/blog\/#anchor-3\" style=\"color: #ffffff;\">Kontakt<\/a><\/span><\/div>\n<div><\/div>\n<div><\/div>\n<div><\/div>\n<p>[\/et_pb_text][\/et_pb_column][et_pb_column type=&#8221;1_4&#8243; _builder_version=&#8221;4.21.0&#8243; _module_preset=&#8221;default&#8221; global_colors_info=&#8221;{}&#8221;][et_pb_text _builder_version=&#8221;4.21.0&#8243; text_font=&#8221;Poppins|300|||||||&#8221; text_text_color=&#8221;#FFFFFF&#8221; text_letter_spacing=&#8221;1px&#8221; text_line_height=&#8221;2em&#8221; max_width=&#8221;550px&#8221; locked=&#8221;off&#8221; global_colors_info=&#8221;{}&#8221;]<\/p>\n<div><span style=\"font-size: 14px;\">Franki Kancelaria Sp\u00f3\u0142ka z o.o.\u00a0<\/span><\/div>\n<div>ul. Izaaka 7, 31-057 Krak\u00f3w<\/div>\n<div><\/div>\n<div><\/div>\n<div><span>789 273 664\u00a0<\/span><\/div>\n<div><span style=\"color: #ffffff;\"><a href=\"mailto:kontakt@frankikancelaria.pl\" target=\"_blank\" rel=\"noopener\" style=\"color: #ffffff;\">kontakt@frankikancelaria.pl<\/a>\u00a0<\/span><\/div>\n<p>[\/et_pb_text][\/et_pb_column][et_pb_column type=&#8221;1_4&#8243; _builder_version=&#8221;4.21.0&#8243; _module_preset=&#8221;default&#8221; global_colors_info=&#8221;{}&#8221;][et_pb_text _builder_version=&#8221;4.21.0&#8243; text_font=&#8221;Poppins|300|||||||&#8221; text_text_color=&#8221;#FFFFFF&#8221; text_letter_spacing=&#8221;1px&#8221; text_line_height=&#8221;2em&#8221; max_width=&#8221;550px&#8221; locked=&#8221;off&#8221; global_colors_info=&#8221;{}&#8221;]<\/p>\n<div>NIP: 6762636076<\/div>\n<div><\/div>\n<div><\/div>\n<div>REGON: 524434862<\/div>\n<div>KRS: 0001018311<\/div>\n<p>[\/et_pb_text][\/et_pb_column][et_pb_column type=&#8221;1_4&#8243; _builder_version=&#8221;4.21.0&#8243; _module_preset=&#8221;default&#8221; global_colors_info=&#8221;{}&#8221;][et_pb_image src=&#8221;http:\/\/www.calvis.pl\/blog\/wp-content\/uploads\/2023\/06\/Franki-Kancelaria-logo-kolor.png&#8221; _builder_version=&#8221;4.21.0&#8243; _module_preset=&#8221;default&#8221; global_colors_info=&#8221;{}&#8221;][\/et_pb_image][\/et_pb_column][\/et_pb_row][\/et_pb_section]<\/p>\n","protected":false},"excerpt":{"rendered":"<p>&nbsp; Zobacz aktualne orzeczenia oraz nasze komentarze.Temat kredyt\u00f3w frankowych nadal pozostaje jednym z najwa\u017cniejszych i najbardziej kontrowersyjnych zagadnie\u0144 finansowych, za\u015b wielu kredytobiorc\u00f3w do chwili obecnej odczuwa jego skutki. Ich popularno\u015b\u0107 w Polsce przypada\u0142a na lata 2000 \u2013 2010. Tym, co przekona\u0142o wielu Polak\u00f3w do ich zaci\u0105gni\u0119cia, niew\u0105tpliwie by\u0142y natomiast korzystne warunki finansowe&#8230;S\u0105dy powszechne masowo ustalaj\u0105 [&hellip;]<\/p>\n","protected":false},"author":1,"featured_media":0,"parent":0,"menu_order":0,"comment_status":"closed","ping_status":"closed","template":"","meta":{"_et_pb_use_builder":"on","_et_pb_old_content":"","_et_gb_content_width":"","footnotes":""},"class_list":["post-70","page","type-page","status-publish","hentry"],"_links":{"self":[{"href":"https:\/\/www.calvis.pl\/blog\/wp-json\/wp\/v2\/pages\/70"}],"collection":[{"href":"https:\/\/www.calvis.pl\/blog\/wp-json\/wp\/v2\/pages"}],"about":[{"href":"https:\/\/www.calvis.pl\/blog\/wp-json\/wp\/v2\/types\/page"}],"author":[{"embeddable":true,"href":"https:\/\/www.calvis.pl\/blog\/wp-json\/wp\/v2\/users\/1"}],"replies":[{"embeddable":true,"href":"https:\/\/www.calvis.pl\/blog\/wp-json\/wp\/v2\/comments?post=70"}],"version-history":[{"count":0,"href":"https:\/\/www.calvis.pl\/blog\/wp-json\/wp\/v2\/pages\/70\/revisions"}],"wp:attachment":[{"href":"https:\/\/www.calvis.pl\/blog\/wp-json\/wp\/v2\/media?parent=70"}],"curies":[{"name":"wp","href":"https:\/\/api.w.org\/{rel}","templated":true}]}}